{"id":1751,"date":"2017-10-27T09:20:59","date_gmt":"2017-10-27T07:20:59","guid":{"rendered":"https:\/\/www.hotel-tirreno.com\/hotel-tirreno-copy\/"},"modified":"2019-07-24T11:35:52","modified_gmt":"2019-07-24T09:35:52","slug":"hotel-tirreno","status":"publish","type":"page","link":"https:\/\/www.hotel-tirreno.com\/de\/hotel-tirreno\/","title":{"rendered":"Kontakte"},"content":{"rendered":"<p>[vc_row full_width=&#8220;stretch_row_content_no_spaces&#8220;][vc_column][vc_raw_html]JTNDaWZyYW1lJTIwc3JjJTNEJTIyaHR0cHMlM0ElMkYlMkZ3d3cuZ29vZ2xlLmNvbSUyRm1hcHMlMkZlbWJlZCUzRnBiJTNEJTIxMW0xOCUyMTFtMTIlMjExbTMlMjExZDE1MTMuMjc4OTIwMDI3NDk5JTIxMmQxMC40MTAzMjQ0MTAzMzcwNDUlMjEzZDQzLjQwMzAwNzgyMzg2NjIxJTIxMm0zJTIxMWYwJTIxMmYwJTIxM2YwJTIxM20yJTIxMWkxMDI0JTIxMmk3NjglMjE0ZjEzLjElMjEzbTMlMjExbTIlMjExczB4MTJkNTliMWNjYWYxNzlmZiUyNTNBMHgxNTUyN2RlNTc5NDIxNWI0JTIxMnNIb3RlbCUyQlRpcnJlbm8lMjE1ZTElMjEzbTIlMjExc2l0JTIxMnNpdCUyMTR2MTU2Mzk2MDkwNTMyOCUyMTVtMiUyMTFzaXQlMjEyc2l0JTIyJTIwd2lkdGglM0QlMjIxMDAlMjUlMjIlMjBoZWlnaHQlM0QlMjI0NTAlMjIlMjBmcmFtZWJvcmRlciUzRCUyMjAlMjIlMjBzdHlsZSUzRCUyMmJvcmRlciUzQTAlMjIlMjBhbGxvd2Z1bGxzY3JlZW4lM0UlM0MlMkZpZnJhbWUlM0U=[\/vc_raw_html][\/vc_column][\/vc_row][vc_row][vc_column offset=&#8220;vc_col-lg-offset-2 vc_col-lg-8&#8243; css=&#8220;.vc_custom_1491206463621{margin-top: -200px !important;margin-bottom: 120px !important;}&#8220;][vc_raw_html css=&#8220;.vc_custom_1509088933696{padding-top: 90px !important;padding-bottom: 90px !important;background-image: url(http:\/\/dev.awe7.com\/fleurdesel\/wp-content\/uploads\/2017\/03\/pattern-bg.jpg?id=1237) !important;background-position: 0 0 !important;background-repeat: repeat !important;}&#8220; el_class=&#8220;fleurdesel-map__data&#8220;]JTNDZGl2JTIwY2xhc3MlM0QlMjJ0ZXh0LWNlbnRlciUyMiUzRSUwQSUwOSUwOSUwOSUwOSUwOSUzQ3AlMjBjbGFzcyUzRCUyMnRleHQtdXBwZXJjYXNlJTIwbGV0dGVyLXNwYWNpbmctMiUyMGZvbnQtNzAwJTIwZnotMTYlMjB0ZXh0LWNvbG9yLTElMjBtYi0wJTIyJTNFS29udGFrdGUlM0MlMkZwJTNFJTBBJTA5JTA5JTA5JTA5JTA5JTNDcCUyMGNsYXNzJTNEJTIyZm9udC01MDAlMjBmei0yMCUyMiUzRVZpYSUyME1hcmNvbmklMjA2JTIwJUUyJTgwJTkzJTIwOTcwNjIlMjBDYXN0aWdsaW9uY2VsbG8lMjAlMjhMSSUyOSUzQyUyRnAlM0UlMEElMDklMDklMDklMDklMDklM0NwJTIwY2xhc3MlM0QlMjJoNCUyMHRleHQtY29sb3ItMSUyMG1iLTIwJTIyJTNFJTBBJTA5JTA5JTA5JTA5JTA5JTA5JTNDaSUyMGNsYXNzJTNEJTIyZmElMjBmYS1waG9uZSUyMiUzRSUzQyUyRmklM0UlMEElMDklMDklMDklMDklMDklMDklM0NzcGFuJTIwY2xhc3MlM0QlMjJpbmxpbmUtYmxvY2slMjIlM0UlMkIzOSUyMDA1ODYlMjA3NTIwMjYlM0MlMkZzcGFuJTNFJTBBJTA5JTA5JTA5JTA5JTA5JTNDJTJGcCUzRSUwQSUzQ3AlMjBjbGFzcyUzRCUyMmZvbnQtNTAwJTIwZnotMjAlMjBtYi0wJTIyJTNFJTNDYSUyMGhyZWYlM0QlMjJtYWlsdG8lM0FpbmZvJTQwaG90ZWx0aXJyZW5vLmluZm8lMjIlM0VpbmZvJTQwaG90ZWx0aXJyZW5vLmluZm8lM0MlMkZhJTNFJTNDJTJGcCUzRSUwQSUwOSUwOSUwOSUwOSUzQyUyRmRpdiUzRQ==[\/vc_raw_html][\/vc_column][\/vc_row][vc_row][vc_column][fleurdesel_heading title_size=&#8220;Default&#8220; align=&#8220;center&#8220; subtitle=&#8220;ANFRAGE VERF\u00dcGBARKEIT&#8220; css=&#8220;.vc_custom_1509088946363{margin-bottom: 90px !important;}&#8220;][\/vc_column][\/vc_row][vc_row full_width=&#8220;stretch_row_content&#8220; css=&#8220;.vc_custom_1509622260936{background-image: url(https:\/\/www.hotel-tirreno.com\/wp-content\/uploads\/2017\/03\/tirreno-82.jpg?id=1889) !important;background-position: center !important;background-repeat: no-repeat !important;background-size: cover !important;}&#8220; el_id=&#8220;sfondocontatti&#8220;][vc_column offset=&#8220;vc_col-lg-offset-2 vc_col-lg-8&#8243; css=&#8220;.vc_custom_1491207021670{margin-bottom: 150px !important;}&#8220;]<div role=\"form\" class=\"wpcf7\" id=\"wpcf7-f1745-o1\" lang=\"en-US\" dir=\"ltr\">\n<div class=\"screen-reader-response\"><p role=\"status\" aria-live=\"polite\" aria-atomic=\"true\"><\/p> <ul><\/ul><\/div>\n<form action=\"\/de\/wp-json\/wp\/v2\/pages\/1751#wpcf7-f1745-o1\" method=\"post\" class=\"wpcf7-form init wpcf7-acceptance-as-validation\" novalidate=\"novalidate\" data-status=\"init\">\n<div style=\"display: none;\">\n<input type=\"hidden\" name=\"_wpcf7\" value=\"1745\" \/>\n<input type=\"hidden\" name=\"_wpcf7_version\" value=\"5.6.4\" \/>\n<input type=\"hidden\" name=\"_wpcf7_locale\" value=\"en_US\" \/>\n<input type=\"hidden\" name=\"_wpcf7_unit_tag\" value=\"wpcf7-f1745-o1\" \/>\n<input type=\"hidden\" name=\"_wpcf7_container_post\" value=\"0\" \/>\n<input type=\"hidden\" name=\"_wpcf7_posted_data_hash\" value=\"\" \/>\n<input type=\"hidden\" name=\"_wpcf7_recaptcha_response\" value=\"\" \/>\n<\/div>\n<div class=\"fleurdesel-contact\">\n<div class=\"row\">\n<div class=\"offset-lg-1 col-md-6 col-lg-5\">\n<div class=\"text-uppercase font-700 letter-spacing-3 mb-15 fz-14\">Name und Nachname <span class=\"error\">*<\/span><\/div>\n<div class=\"mb-30\">\n                <span class=\"wpcf7-form-control-wrap\" data-name=\"your-name\"><input type=\"text\" name=\"your-name\" value=\"\" size=\"40\" class=\"wpcf7-form-control wpcf7-text wpcf7-validates-as-required\" aria-required=\"true\" aria-invalid=\"false\" \/><\/span>\n            <\/div>\n<\/div>\n<div class=\"col-md-6 col-lg-5\">\n<div class=\"text-uppercase font-700 letter-spacing-3 mb-15 fz-14\">Email <span class=\"error\">*<\/span><\/div>\n<div class=\"mb-30\">\n                <span class=\"wpcf7-form-control-wrap\" data-name=\"your-email\"><input type=\"email\" name=\"your-email\" value=\"\" size=\"40\" class=\"wpcf7-form-control wpcf7-text wpcf7-email wpcf7-validates-as-required wpcf7-validates-as-email\" aria-required=\"true\" aria-invalid=\"false\" \/><\/span>\n            <\/div>\n<\/div>\n<\/div>\n<div class=\"row\">\n<div class=\"offset-lg-1 col-md-6 col-lg-5\">\n<div class=\"text-uppercase font-700 letter-spacing-3 mb-15 fz-14\">Telefon <span class=\"error\">*<\/span><\/div>\n<div class=\"mb-30\">\n                <span class=\"wpcf7-form-control-wrap\" data-name=\"your-phone\"><input type=\"text\" name=\"your-phone\" value=\"\" size=\"40\" class=\"wpcf7-form-control wpcf7-text wpcf7-validates-as-required\" aria-required=\"true\" aria-invalid=\"false\" \/><\/span>\n            <\/div>\n<\/div>\n<div class=\"col-md-6 col-lg-5\">\n<\/div>\n<\/div>\n<div class=\"row\">\n<div class=\"offset-lg-1 col-md-6 col-lg-5\">\n<div class=\"text-uppercase font-700 letter-spacing-3 mb-15 fz-14\">Ankunftsdatum <span class=\"error\">*<\/span><\/div>\n<div class=\"mb-30\">\n                <span class=\"wpcf7-form-control-wrap\" data-name=\"arrivo\"><input type=\"date\" name=\"arrivo\" value=\"\" class=\"wpcf7-form-control wpcf7-date wpcf7-validates-as-date\" id=\"arrivo\" aria-invalid=\"false\" \/><\/span>\n            <\/div>\n<\/div>\n<div class=\"col-md-6 col-lg-5\">\n<div class=\"text-uppercase font-700 letter-spacing-3 mb-15 fz-14\">Abreisedatum <span class=\"error\">*<\/span><\/div>\n<div class=\"mb-30\">\n                <span class=\"wpcf7-form-control-wrap\" data-name=\"partenza\"><input type=\"date\" name=\"partenza\" value=\"\" class=\"wpcf7-form-control wpcf7-date wpcf7-validates-as-date\" id=\"partenza\" aria-invalid=\"false\" \/><\/span>\n            <\/div>\n<\/div>\n<\/div>\n<div class=\"row\">\n<div class=\"offset-lg-1 col-md-6 col-lg-5\">\n<div class=\"text-uppercase font-700 letter-spacing-3 mb-15 fz-14\">Erwachsene <span class=\"error\">*<\/span><\/div>\n<div class=\"mb-30\">\n                <span class=\"wpcf7-form-control-wrap\" data-name=\"adulti\"><select name=\"adulti\" class=\"wpcf7-form-control wpcf7-select\" aria-invalid=\"false\"><option value=\"1\">1<\/option><option value=\"2\">2<\/option><option value=\"3\">3<\/option><option value=\"4\">4<\/option><option value=\"5\">5<\/option><option value=\"6\">6<\/option><option value=\"7\">7<\/option><option value=\"8\">8<\/option><\/select><\/span>\n            <\/div>\n<\/div>\n<div class=\"col-md-6 col-lg-5\">\n<div class=\"text-uppercase font-700 letter-spacing-3 mb-15 fz-14\">Kinder<span class=\"error\">*<\/span><\/div>\n<div class=\"mb-30\">\n                <span class=\"wpcf7-form-control-wrap\" data-name=\"bambini\"><select name=\"bambini\" class=\"wpcf7-form-control wpcf7-select\" aria-invalid=\"false\"><option value=\"0\">0<\/option><option value=\"1\">1<\/option><option value=\"2\">2<\/option><option value=\"3\">3<\/option><option value=\"4\">4<\/option><option value=\"5\">5<\/option><option value=\"6\">6<\/option><option value=\"7\">7<\/option><\/select><\/span>\n            <\/div>\n<\/div>\n<\/div>\n<div class=\"row\">\n<div class=\"offset-lg-1 col col-lg-10\">\n<div class=\"text-uppercase font-700 letter-spacing-3 mb-15 fz-14\">Einzelheiten <span class=\"error\">*<\/span><\/div>\n<div class=\"mb-50\">\n                <span class=\"wpcf7-form-control-wrap\" data-name=\"your-message\"><textarea name=\"your-message\" cols=\"40\" rows=\"4\" class=\"wpcf7-form-control wpcf7-textarea wpcf7-validates-as-required\" aria-required=\"true\" aria-invalid=\"false\"><\/textarea><\/span>\n            <\/div>\n<\/div>\n<\/div>\n<p><span class=\"wpcf7-form-control-wrap\" data-name=\"acceptance-46\"><span class=\"wpcf7-form-control wpcf7-acceptance\"><span class=\"wpcf7-list-item\"><label><input type=\"checkbox\" name=\"acceptance-46\" value=\"1\" aria-invalid=\"false\" \/><span class=\"wpcf7-list-item-label\">Ich erm\u00e4chtige die Website, meine Daten zu verwalten, um auf meine Anfrage zu antworten. Die Daten werden m\u00f6glicherweise auf dieser Website gespeichert, k\u00f6nnen aber m\u00f6glicherweise wie auf der Seite <a href=\"\/privacy\/\"> Datenschutz <\/a> beschrieben gel\u00f6scht werden<\/span><\/label><\/span><\/span><\/span><\/p>\n<div class=\"row\">\n<div class=\"offset-lg-1 col col-lg-10\">\n<div class=\"text-center mb-0\">\n                <input type=\"submit\" value=\"Anfrage senden\" class=\"wpcf7-form-control has-spinner wpcf7-submit btn btn-view btn-primary text-uppercase fz-14 font-700 btn-w185\" \/>\n            <\/div>\n<\/div>\n<\/div>\n<\/div>\n<div class=\"wpcf7-response-output\" aria-hidden=\"true\"><\/div><\/form><\/div>[\/vc_column][\/vc_row]<\/p>\n","protected":false},"excerpt":{"rendered":"<p>[vc_row full_width=&#8220;stretch_row_content_no_spaces&#8220;][vc_column][vc_raw_html]JTNDaWZyYW1lJTIwc3JjJTNEJTIyaHR0cHMlM0ElMkYlMkZ3d3cuZ29vZ2xlLmNvbSUyRm1hcHMlMkZlbWJlZCUzRnBiJTNEJTIxMW0xOCUyMTFtMTIlMjExbTMlMjExZDE1MTMuMjc4OTIwMDI3NDk5JTIxMmQxMC40MTAzMjQ0MTAzMzcwNDUlMjEzZDQzLjQwMzAwNzgyMzg2NjIxJTIxMm0zJTIxMWYwJTIxMmYwJTIxM2YwJTIxM20yJTIxMWkxMDI0JTIxMmk3NjglMjE0ZjEzLjElMjEzbTMlMjExbTIlMjExczB4MTJkNTliMWNjYWYxNzlmZiUyNTNBMHgxNTUyN2RlNTc5NDIxNWI0JTIxMnNIb3RlbCUyQlRpcnJlbm8lMjE1ZTElMjEzbTIlMjExc2l0JTIxMnNpdCUyMTR2MTU2Mzk2MDkwNTMyOCUyMTVtMiUyMTFzaXQlMjEyc2l0JTIyJTIwd2lkdGglM0QlMjIxMDAlMjUlMjIlMjBoZWlnaHQlM0QlMjI0NTAlMjIlMjBmcmFtZWJvcmRlciUzRCUyMjAlMjIlMjBzdHlsZSUzRCUyMmJvcmRlciUzQTAlMjIlMjBhbGxvd2Z1bGxzY3JlZW4lM0UlM0MlMkZpZnJhbWUlM0U=[\/vc_raw_html][\/vc_column][\/vc_row][vc_row][vc_column offset=&#8220;vc_col-lg-offset-2 vc_col-lg-8&#8243; css=&#8220;.vc_custom_1491206463621{margin-top: -200px !important;margin-bottom: 120px !important;}&#8220;][vc_raw_html css=&#8220;.vc_custom_1509088933696{padding-top: 90px !important;padding-bottom: 90px !important;background-image: url(http:\/\/dev.awe7.com\/fleurdesel\/wp-content\/uploads\/2017\/03\/pattern-bg.jpg?id=1237) !important;background-position: 0 0 !important;background-repeat: repeat !important;}&#8220; el_class=&#8220;fleurdesel-map__data&#8220;]JTNDZGl2JTIwY2xhc3MlM0QlMjJ0ZXh0LWNlbnRlciUyMiUzRSUwQSUwOSUwOSUwOSUwOSUwOSUzQ3AlMjBjbGFzcyUzRCUyMnRleHQtdXBwZXJjYXNlJTIwbGV0dGVyLXNwYWNpbmctMiUyMGZvbnQtNzAwJTIwZnotMTYlMjB0ZXh0LWNvbG9yLTElMjBtYi0wJTIyJTNFS29udGFrdGUlM0MlMkZwJTNFJTBBJTA5JTA5JTA5JTA5JTA5JTNDcCUyMGNsYXNzJTNEJTIyZm9udC01MDAlMjBmei0yMCUyMiUzRVZpYSUyME1hcmNvbmklMjA2JTIwJUUyJTgwJTkzJTIwOTcwNjIlMjBDYXN0aWdsaW9uY2VsbG8lMjAlMjhMSSUyOSUzQyUyRnAlM0UlMEElMDklMDklMDklMDklMDklM0NwJTIwY2xhc3MlM0QlMjJoNCUyMHRleHQtY29sb3ItMSUyMG1iLTIwJTIyJTNFJTBBJTA5JTA5JTA5JTA5JTA5JTA5JTNDaSUyMGNsYXNzJTNEJTIyZmElMjBmYS1waG9uZSUyMiUzRSUzQyUyRmklM0UlMEElMDklMDklMDklMDklMDklMDklM0NzcGFuJTIwY2xhc3MlM0QlMjJpbmxpbmUtYmxvY2slMjIlM0UlMkIzOSUyMDA1ODYlMjA3NTIwMjYlM0MlMkZzcGFuJTNFJTBBJTA5JTA5JTA5JTA5JTA5JTNDJTJGcCUzRSUwQSUzQ3AlMjBjbGFzcyUzRCUyMmZvbnQtNTAwJTIwZnotMjAlMjBtYi0wJTIyJTNFJTNDYSUyMGhyZWYlM0QlMjJtYWlsdG8lM0FpbmZvJTQwaG90ZWx0aXJyZW5vLmluZm8lMjIlM0VpbmZvJTQwaG90ZWx0aXJyZW5vLmluZm8lM0MlMkZhJTNFJTNDJTJGcCUzRSUwQSUwOSUwOSUwOSUwOSUzQyUyRmRpdiUzRQ==[\/vc_raw_html][\/vc_column][\/vc_row][vc_row][vc_column][fleurdesel_heading title_size=&#8220;Default&#8220; align=&#8220;center&#8220; subtitle=&#8220;ANFRAGE VERF\u00dcGBARKEIT&#8220; css=&#8220;.vc_custom_1509088946363{margin-bottom: 90px !important;}&#8220;][\/vc_column][\/vc_row][vc_row full_width=&#8220;stretch_row_content&#8220; css=&#8220;.vc_custom_1509622260936{background-image: url(https:\/\/www.hotel-tirreno.com\/wp-content\/uploads\/2017\/03\/tirreno-82.jpg?id=1889) !important;background-position: center !important;background-repeat: no-repeat !important;background-size: cover !important;}&#8220; el_id=&#8220;sfondocontatti&#8220;][vc_column offset=&#8220;vc_col-lg-offset-2 vc_col-lg-8&#8243; css=&#8220;.vc_custom_1491207021670{margin-bottom: 150px !important;}&#8220;][\/vc_column][\/vc_row]<\/p>\n","protected":false},"author":1,"featured_media":0,"parent":0,"menu_order":0,"comment_status":"closed","ping_status":"closed","template":"templates\/page-builder.php","meta":[],"yoast_head":"<!-- This site is optimized with the Yoast SEO plugin v19.10 - https:\/\/yoast.com\/wordpress\/plugins\/seo\/ -->\n<title>HOTEL TIRRENO - Hotel Tirreno<\/title>\n<meta name=\"description\" content=\"hoteltirreno.info - Hotel Tirreno Via Marconi 6 \u2013 57016 Castiglioncello (LI) kontaktiere uns unter info@hoteltirreno.info oder zu +39 0586 752026\" \/>\n<meta name=\"robots\" content=\"index, follow, max-snippet:-1, max-image-preview:large, max-video-preview:-1\" \/>\n<link rel=\"canonical\" href=\"https:\/\/www.hotel-tirreno.com\/de\/hotel-tirreno\/\" \/>\n<meta property=\"og:locale\" content=\"de_DE\" \/>\n<meta property=\"og:type\" content=\"article\" \/>\n<meta property=\"og:title\" content=\"HOTEL TIRRENO - Hotel Tirreno\" \/>\n<meta property=\"og:description\" content=\"hoteltirreno.info - Hotel Tirreno Via Marconi 6 \u2013 57016 Castiglioncello (LI) kontaktiere uns unter info@hoteltirreno.info oder zu +39 0586 752026\" \/>\n<meta property=\"og:url\" content=\"https:\/\/www.hotel-tirreno.com\/de\/hotel-tirreno\/\" \/>\n<meta property=\"og:site_name\" content=\"Hotel Tirreno\" \/>\n<meta property=\"article:modified_time\" content=\"2019-07-24T09:35:52+00:00\" \/>\n<meta name=\"twitter:card\" content=\"summary_large_image\" \/>\n<meta name=\"twitter:label1\" content=\"Gesch\u00e4tzte Lesezeit\" \/>\n\t<meta name=\"twitter:data1\" content=\"1\u00a0Minute\" \/>\n<script type=\"application\/ld+json\" class=\"yoast-schema-graph\">{\"@context\":\"https:\/\/schema.org\",\"@graph\":[{\"@type\":\"WebPage\",\"@id\":\"https:\/\/www.hotel-tirreno.com\/de\/hotel-tirreno\/\",\"url\":\"https:\/\/www.hotel-tirreno.com\/de\/hotel-tirreno\/\",\"name\":\"HOTEL TIRRENO - Hotel Tirreno\",\"isPartOf\":{\"@id\":\"https:\/\/www.hotel-tirreno.com\/#website\"},\"datePublished\":\"2017-10-27T07:20:59+00:00\",\"dateModified\":\"2019-07-24T09:35:52+00:00\",\"description\":\"hoteltirreno.info - Hotel Tirreno Via Marconi 6 \u2013 57016 Castiglioncello (LI) kontaktiere uns unter info@hoteltirreno.info oder zu +39 0586 752026\",\"breadcrumb\":{\"@id\":\"https:\/\/www.hotel-tirreno.com\/de\/hotel-tirreno\/#breadcrumb\"},\"inLanguage\":\"de\",\"potentialAction\":[{\"@type\":\"ReadAction\",\"target\":[\"https:\/\/www.hotel-tirreno.com\/de\/hotel-tirreno\/\"]}]},{\"@type\":\"BreadcrumbList\",\"@id\":\"https:\/\/www.hotel-tirreno.com\/de\/hotel-tirreno\/#breadcrumb\",\"itemListElement\":[{\"@type\":\"ListItem\",\"position\":1,\"name\":\"Home\",\"item\":\"https:\/\/www.hotel-tirreno.com\/de\/home\/\"},{\"@type\":\"ListItem\",\"position\":2,\"name\":\"Kontakte\"}]},{\"@type\":\"WebSite\",\"@id\":\"https:\/\/www.hotel-tirreno.com\/#website\",\"url\":\"https:\/\/www.hotel-tirreno.com\/\",\"name\":\"Hotel Tirreno\",\"description\":\"Hotel a Castiglioncello\",\"publisher\":{\"@id\":\"https:\/\/www.hotel-tirreno.com\/#organization\"},\"potentialAction\":[{\"@type\":\"SearchAction\",\"target\":{\"@type\":\"EntryPoint\",\"urlTemplate\":\"https:\/\/www.hotel-tirreno.com\/?s={search_term_string}\"},\"query-input\":\"required name=search_term_string\"}],\"inLanguage\":\"de\"},{\"@type\":\"Organization\",\"@id\":\"https:\/\/www.hotel-tirreno.com\/#organization\",\"name\":\"Tirreno Hotel di Paoletti Gianluca, Riccardo & C. sas\",\"url\":\"https:\/\/www.hotel-tirreno.com\/\",\"logo\":{\"@type\":\"ImageObject\",\"inLanguage\":\"de\",\"@id\":\"https:\/\/www.hotel-tirreno.com\/#\/schema\/logo\/image\/\",\"url\":\"https:\/\/www.hotel-tirreno.com\/wp-content\/uploads\/2017\/10\/logo-s.png\",\"contentUrl\":\"https:\/\/www.hotel-tirreno.com\/wp-content\/uploads\/2017\/10\/logo-s.png\",\"width\":120,\"height\":76,\"caption\":\"Tirreno Hotel di Paoletti Gianluca, Riccardo & C. sas\"},\"image\":{\"@id\":\"https:\/\/www.hotel-tirreno.com\/#\/schema\/logo\/image\/\"}}]}<\/script>\n<!-- \/ Yoast SEO plugin. -->","yoast_head_json":{"title":"HOTEL TIRRENO - Hotel Tirreno","description":"hoteltirreno.info - Hotel Tirreno Via Marconi 6 \u2013 57016 Castiglioncello (LI) kontaktiere uns unter info@hoteltirreno.info oder zu +39 0586 752026","robots":{"index":"index","follow":"follow","max-snippet":"max-snippet:-1","max-image-preview":"max-image-preview:large","max-video-preview":"max-video-preview:-1"},"canonical":"https:\/\/www.hotel-tirreno.com\/de\/hotel-tirreno\/","og_locale":"de_DE","og_type":"article","og_title":"HOTEL TIRRENO - Hotel Tirreno","og_description":"hoteltirreno.info - Hotel Tirreno Via Marconi 6 \u2013 57016 Castiglioncello (LI) kontaktiere uns unter info@hoteltirreno.info oder zu +39 0586 752026","og_url":"https:\/\/www.hotel-tirreno.com\/de\/hotel-tirreno\/","og_site_name":"Hotel Tirreno","article_modified_time":"2019-07-24T09:35:52+00:00","twitter_card":"summary_large_image","twitter_misc":{"Gesch\u00e4tzte Lesezeit":"1\u00a0Minute"},"schema":{"@context":"https:\/\/schema.org","@graph":[{"@type":"WebPage","@id":"https:\/\/www.hotel-tirreno.com\/de\/hotel-tirreno\/","url":"https:\/\/www.hotel-tirreno.com\/de\/hotel-tirreno\/","name":"HOTEL TIRRENO - Hotel Tirreno","isPartOf":{"@id":"https:\/\/www.hotel-tirreno.com\/#website"},"datePublished":"2017-10-27T07:20:59+00:00","dateModified":"2019-07-24T09:35:52+00:00","description":"hoteltirreno.info - Hotel Tirreno Via Marconi 6 \u2013 57016 Castiglioncello (LI) kontaktiere uns unter info@hoteltirreno.info oder zu +39 0586 752026","breadcrumb":{"@id":"https:\/\/www.hotel-tirreno.com\/de\/hotel-tirreno\/#breadcrumb"},"inLanguage":"de","potentialAction":[{"@type":"ReadAction","target":["https:\/\/www.hotel-tirreno.com\/de\/hotel-tirreno\/"]}]},{"@type":"BreadcrumbList","@id":"https:\/\/www.hotel-tirreno.com\/de\/hotel-tirreno\/#breadcrumb","itemListElement":[{"@type":"ListItem","position":1,"name":"Home","item":"https:\/\/www.hotel-tirreno.com\/de\/home\/"},{"@type":"ListItem","position":2,"name":"Kontakte"}]},{"@type":"WebSite","@id":"https:\/\/www.hotel-tirreno.com\/#website","url":"https:\/\/www.hotel-tirreno.com\/","name":"Hotel Tirreno","description":"Hotel a Castiglioncello","publisher":{"@id":"https:\/\/www.hotel-tirreno.com\/#organization"},"potentialAction":[{"@type":"SearchAction","target":{"@type":"EntryPoint","urlTemplate":"https:\/\/www.hotel-tirreno.com\/?s={search_term_string}"},"query-input":"required name=search_term_string"}],"inLanguage":"de"},{"@type":"Organization","@id":"https:\/\/www.hotel-tirreno.com\/#organization","name":"Tirreno Hotel di Paoletti Gianluca, Riccardo & C. sas","url":"https:\/\/www.hotel-tirreno.com\/","logo":{"@type":"ImageObject","inLanguage":"de","@id":"https:\/\/www.hotel-tirreno.com\/#\/schema\/logo\/image\/","url":"https:\/\/www.hotel-tirreno.com\/wp-content\/uploads\/2017\/10\/logo-s.png","contentUrl":"https:\/\/www.hotel-tirreno.com\/wp-content\/uploads\/2017\/10\/logo-s.png","width":120,"height":76,"caption":"Tirreno Hotel di Paoletti Gianluca, Riccardo & C. sas"},"image":{"@id":"https:\/\/www.hotel-tirreno.com\/#\/schema\/logo\/image\/"}}]}},"_links":{"self":[{"href":"https:\/\/www.hotel-tirreno.com\/de\/wp-json\/wp\/v2\/pages\/1751"}],"collection":[{"href":"https:\/\/www.hotel-tirreno.com\/de\/wp-json\/wp\/v2\/pages"}],"about":[{"href":"https:\/\/www.hotel-tirreno.com\/de\/wp-json\/wp\/v2\/types\/page"}],"author":[{"embeddable":true,"href":"https:\/\/www.hotel-tirreno.com\/de\/wp-json\/wp\/v2\/users\/1"}],"replies":[{"embeddable":true,"href":"https:\/\/www.hotel-tirreno.com\/de\/wp-json\/wp\/v2\/comments?post=1751"}],"version-history":[{"count":0,"href":"https:\/\/www.hotel-tirreno.com\/de\/wp-json\/wp\/v2\/pages\/1751\/revisions"}],"wp:attachment":[{"href":"https:\/\/www.hotel-tirreno.com\/de\/wp-json\/wp\/v2\/media?parent=1751"}],"curies":[{"name":"wp","href":"https:\/\/api.w.org\/{rel}","templated":true}]}}