{"id":1772,"date":"2017-10-27T09:42:32","date_gmt":"2017-10-27T07:42:32","guid":{"rendered":"https:\/\/www.hotel-tirreno.com\/castiglioncello-restaurant-copy\/"},"modified":"2017-10-27T15:30:39","modified_gmt":"2017-10-27T13:30:39","slug":"restaurant-castiglioncello","status":"publish","type":"page","link":"https:\/\/www.hotel-tirreno.com\/de\/restaurant-castiglioncello\/","title":{"rendered":"Restaurant Castiglioncello"},"content":{"rendered":"<p>[vc_row][vc_column][fleurdesel_heading title_size=&#8220;Default&#8220; align=&#8220;center&#8220; title=&#8220;Restaurant Castiglioncello&#8220; subtitle=&#8220;Hotel Tirreno&#8220; css=&#8220;.vc_custom_1509090213726{margin-bottom: 30px !important;padding-top: 60px !important;}&#8220;][\/vc_column][\/vc_row][vc_row][vc_column width=&#8220;1\/2&#8243;][vc_column_text]Das Restaurant im Hotel Tirreno verf\u00fcgt \u00fcber eine klimatisierte Lounge und einen Au\u00dfenbereich mit einer Terrasse mit Gartenblick.<\/p>\n<p>Besonders bekannt und gesch\u00e4tzt, ist das Restaurant auf <strong>typisch toskanische Gerichte spezialisiert<\/strong>, die haupts\u00e4chlich auf mediterranen Fischen basieren.<\/p>\n<p>Der Rohstoff wird schmackhaft und pikant gekocht und von einer <strong>exzellenten Auswahl an Weinen begleitet<\/strong>.<\/p>\n<p>Das Restaurant bietet auch Fr\u00fchst\u00fcck f\u00fcr alle G\u00e4ste. Ein reichhaltiges Buffet wird jeden Morgen serviert und in der warmen Jahreszeit k\u00f6nnen Sie auch drau\u00dfen essen.[\/vc_column_text][\/vc_column][vc_column width=&#8220;1\/2&#8243;][fleurdesel_fullscreen_slider sliders=&#8220;%5B%7B%22image%22%3A%221590%22%7D%2C%7B%22image%22%3A%221589%22%7D%2C%7B%22image%22%3A%221588%22%7D%2C%7B%22image%22%3A%221586%22%7D%2C%7B%22image%22%3A%221585%22%7D%2C%7B%22image%22%3A%221591%22%7D%5D&#8220; css=&#8220;.vc_custom_1509001016778{margin-bottom: 90px !important;}&#8220;][\/vc_column][\/vc_row][vc_row full_width=&#8220;stretch_row&#8220; css=&#8220;.vc_custom_1508937369586{background-image: url(https:\/\/www.hotel-tirreno.com\/wp-content\/uploads\/revslider\/home1\/1.jpg?id=1261) !important;background-position: center !important;background-repeat: no-repeat !important;background-size: cover !important;}&#8220;][vc_column][vc_custom_heading text=&#8220;BUCHUNG UND INFO ZU +39 0586 752026&#8243; font_container=&#8220;tag:h3|text_align:center|color:%23ffffff&#8220; use_theme_fonts=&#8220;yes&#8220; link=&#8220;url:tel%3A%2B390586752026|||&#8220; css=&#8220;.vc_custom_1509096377898{padding-top: 80px !important;padding-bottom: 20px !important;}&#8220;][vc_btn title=&#8220;RUFEN SIE UNS AN&#8220; color=&#8220;orange&#8220; align=&#8220;center&#8220; link=&#8220;url:tel%3A%2B390586752026|||&#8220; css=&#8220;.vc_custom_1509096347040{padding-bottom: 100px !important;}&#8220;][\/vc_column][\/vc_row][vc_row full_width=&#8220;stretch_row_content&#8220; css=&#8220;.vc_custom_1508923058849{margin-bottom: -50px !important;}&#8220;][vc_column css=&#8220;.vc_custom_1508937073465{padding-top: 90px !important;padding-bottom: 80px !important;background-color: #f8f8f8 !important;}&#8220;][fleurdesel_heading title_size=&#8220;Default&#8220; align=&#8220;center&#8220; title=&#8220;Man sagt&#8230;&#8220; subtitle=&#8220;UNSERE G\u00c4STE&#8220;][fleurdesel_testimonials_carousel layout=&#8220;centered_small_content&#8220; _slick_arrows=&#8220;1&#8243; _slick_draggable=&#8220;1&#8243; testimonials=&#8220;%5B%7B%22avatar%22%3A%221606%22%2C%22name%22%3A%22christiane%20r%22%2C%22from%22%3A%22Tripadvisor%22%2C%22content%22%3A%22Man%20merkt%2C%20dass%20es%20sich%20um%20einen%20familiengef%C3%BChrten%20Betrieb%20handelt%2C%20alle%20sind%20sehr%20freundlich.%20Das%20Essen%20ist%20toskanisch%20und%20schmeckt%20wie%20bei%20Mama.%20Zum%20Strand%20sind%20es%20ein%20paar%20Meter.%22%7D%2C%7B%22avatar%22%3A%221863%22%2C%22name%22%3A%22ilponte%22%2C%22from%22%3A%22Tripadvisor%22%2C%22content%22%3A%22Ein%20solch%20%5C%22%C3%BCppiges%5C%22%20Fr%C3%BChst%C3%BCck%20wurde%20uns%20in%20Italien%20noch%20nier%20angeboten%2C%20dazu%20in%20der%20geschmackvoll%20und%20elegant%20gestylten%20Atmosph%C3%A4re%20des%20Restaurants%3A%20doch%20auf%20der%20Terrasse%20fr%C3%BChst%C3%BCckt%20es%20sich%20am%20sch%C3%B6nsten!%22%7D%5D&#8220; _slick_breakpoints=&#8220;lg:1|md:1|sm:1|xs:1&#8243; el_class=&#8220;fleurdesel-testimonial&#8211;other&#8220;][\/vc_column][\/vc_row][vc_row full_width=&#8220;stretch_row_content_no_spaces&#8220;][vc_column width=&#8220;1\/2&#8243; offset=&#8220;vc_col-lg-3 vc_col-md-6&#8243;][fleurdesel_service image=&#8220;1394&#8243; title=&#8220;Zimmer&#8220; link=&#8220;https:\/\/www.hotel-tirreno.com\/de\/hotelzimmer-castiglioncello\/&#8220;][\/vc_column][vc_column width=&#8220;1\/2&#8243; offset=&#8220;vc_col-lg-3 vc_col-md-6&#8243;][fleurdesel_service image=&#8220;1395&#8243; title=&#8220;Umgebung&#8220; link=&#8220;https:\/\/www.hotel-tirreno.com\/de\/castiglioncello\/castiglioncello-umgebung\/&#8220;][\/vc_column][vc_column width=&#8220;1\/2&#8243; offset=&#8220;vc_col-lg-3 vc_col-md-6&#8243;][fleurdesel_service image=&#8220;1419&#8243; title=&#8220;Hochzeiten &amp; Events&#8220; link=&#8220;https:\/\/www.hotel-tirreno.com\/de\/veranstaltungsort-castiglioncello\/&#8220;][\/vc_column][vc_column width=&#8220;1\/2&#8243; offset=&#8220;vc_col-lg-3 vc_col-md-6&#8243;][fleurdesel_service image=&#8220;1392&#8243; title=&#8220;Fotogalerie&#8220; link=&#8220;https:\/\/www.hotel-tirreno.com\/de\/hotel-tirreno-castiglioncello\/&#8220;][\/vc_column][\/vc_row]<\/p>\n","protected":false},"excerpt":{"rendered":"<p>[vc_row][vc_column][fleurdesel_heading title_size=&#8220;Default&#8220; align=&#8220;center&#8220; title=&#8220;Restaurant Castiglioncello&#8220; subtitle=&#8220;Hotel Tirreno&#8220; css=&#8220;.vc_custom_1509090213726{margin-bottom: 30px !important;padding-top: 60px !important;}&#8220;][\/vc_column][\/vc_row][vc_row][vc_column width=&#8220;1\/2&#8243;][vc_column_text]Das Restaurant im Hotel Tirreno verf\u00fcgt \u00fcber eine klimatisierte Lounge und einen Au\u00dfenbereich mit einer Terrasse mit Gartenblick. Besonders bekannt und gesch\u00e4tzt, ist das Restaurant auf typisch toskanische Gerichte spezialisiert, die haupts\u00e4chlich auf mediterranen Fischen basieren. Der Rohstoff wird schmackhaft und pikant gekocht [&hellip;]<\/p>\n","protected":false},"author":1,"featured_media":0,"parent":0,"menu_order":0,"comment_status":"closed","ping_status":"closed","template":"templates\/page-builder.php","meta":[],"yoast_head":"<!-- This site is optimized with the Yoast SEO plugin v19.10 - https:\/\/yoast.com\/wordpress\/plugins\/seo\/ -->\n<title>RESTAURANT CASTIGLIONCELLO - Hotel Tirreno<\/title>\n<meta name=\"description\" content=\"hoteltirreno.info - Castiglioncello restaurant, eine klimatisierte Lounge und einen Au\u00dfenbereich mit einer Terrasse mit Gartenblick\" \/>\n<meta name=\"robots\" content=\"index, follow, max-snippet:-1, max-image-preview:large, max-video-preview:-1\" \/>\n<link rel=\"canonical\" href=\"https:\/\/www.hotel-tirreno.com\/de\/restaurant-castiglioncello\/\" \/>\n<meta property=\"og:locale\" content=\"de_DE\" \/>\n<meta property=\"og:type\" content=\"article\" \/>\n<meta property=\"og:title\" content=\"RESTAURANT CASTIGLIONCELLO - Hotel Tirreno\" \/>\n<meta property=\"og:description\" content=\"hoteltirreno.info - Castiglioncello restaurant, eine klimatisierte Lounge und einen Au\u00dfenbereich mit einer Terrasse mit Gartenblick\" \/>\n<meta property=\"og:url\" content=\"https:\/\/www.hotel-tirreno.com\/de\/restaurant-castiglioncello\/\" \/>\n<meta property=\"og:site_name\" content=\"Hotel Tirreno\" \/>\n<meta property=\"article:modified_time\" content=\"2017-10-27T13:30:39+00:00\" \/>\n<meta name=\"twitter:card\" content=\"summary_large_image\" \/>\n<meta name=\"twitter:label1\" content=\"Gesch\u00e4tzte Lesezeit\" \/>\n\t<meta name=\"twitter:data1\" content=\"3\u00a0Minuten\" \/>\n<script type=\"application\/ld+json\" class=\"yoast-schema-graph\">{\"@context\":\"https:\/\/schema.org\",\"@graph\":[{\"@type\":\"WebPage\",\"@id\":\"https:\/\/www.hotel-tirreno.com\/de\/restaurant-castiglioncello\/\",\"url\":\"https:\/\/www.hotel-tirreno.com\/de\/restaurant-castiglioncello\/\",\"name\":\"RESTAURANT CASTIGLIONCELLO - Hotel Tirreno\",\"isPartOf\":{\"@id\":\"https:\/\/www.hotel-tirreno.com\/#website\"},\"datePublished\":\"2017-10-27T07:42:32+00:00\",\"dateModified\":\"2017-10-27T13:30:39+00:00\",\"description\":\"hoteltirreno.info - Castiglioncello restaurant, eine klimatisierte Lounge und einen Au\u00dfenbereich mit einer Terrasse mit Gartenblick\",\"breadcrumb\":{\"@id\":\"https:\/\/www.hotel-tirreno.com\/de\/restaurant-castiglioncello\/#breadcrumb\"},\"inLanguage\":\"de\",\"potentialAction\":[{\"@type\":\"ReadAction\",\"target\":[\"https:\/\/www.hotel-tirreno.com\/de\/restaurant-castiglioncello\/\"]}]},{\"@type\":\"BreadcrumbList\",\"@id\":\"https:\/\/www.hotel-tirreno.com\/de\/restaurant-castiglioncello\/#breadcrumb\",\"itemListElement\":[{\"@type\":\"ListItem\",\"position\":1,\"name\":\"Home\",\"item\":\"https:\/\/www.hotel-tirreno.com\/de\/home\/\"},{\"@type\":\"ListItem\",\"position\":2,\"name\":\"Restaurant Castiglioncello\"}]},{\"@type\":\"WebSite\",\"@id\":\"https:\/\/www.hotel-tirreno.com\/#website\",\"url\":\"https:\/\/www.hotel-tirreno.com\/\",\"name\":\"Hotel Tirreno\",\"description\":\"Hotel a Castiglioncello\",\"publisher\":{\"@id\":\"https:\/\/www.hotel-tirreno.com\/#organization\"},\"potentialAction\":[{\"@type\":\"SearchAction\",\"target\":{\"@type\":\"EntryPoint\",\"urlTemplate\":\"https:\/\/www.hotel-tirreno.com\/?s={search_term_string}\"},\"query-input\":\"required name=search_term_string\"}],\"inLanguage\":\"de\"},{\"@type\":\"Organization\",\"@id\":\"https:\/\/www.hotel-tirreno.com\/#organization\",\"name\":\"Tirreno Hotel di Paoletti Gianluca, Riccardo & C. sas\",\"url\":\"https:\/\/www.hotel-tirreno.com\/\",\"logo\":{\"@type\":\"ImageObject\",\"inLanguage\":\"de\",\"@id\":\"https:\/\/www.hotel-tirreno.com\/#\/schema\/logo\/image\/\",\"url\":\"https:\/\/www.hotel-tirreno.com\/wp-content\/uploads\/2017\/10\/logo-s.png\",\"contentUrl\":\"https:\/\/www.hotel-tirreno.com\/wp-content\/uploads\/2017\/10\/logo-s.png\",\"width\":120,\"height\":76,\"caption\":\"Tirreno Hotel di Paoletti Gianluca, Riccardo & C. sas\"},\"image\":{\"@id\":\"https:\/\/www.hotel-tirreno.com\/#\/schema\/logo\/image\/\"}}]}<\/script>\n<!-- \/ Yoast SEO plugin. -->","yoast_head_json":{"title":"RESTAURANT CASTIGLIONCELLO - Hotel Tirreno","description":"hoteltirreno.info - Castiglioncello restaurant, eine klimatisierte Lounge und einen Au\u00dfenbereich mit einer Terrasse mit Gartenblick","robots":{"index":"index","follow":"follow","max-snippet":"max-snippet:-1","max-image-preview":"max-image-preview:large","max-video-preview":"max-video-preview:-1"},"canonical":"https:\/\/www.hotel-tirreno.com\/de\/restaurant-castiglioncello\/","og_locale":"de_DE","og_type":"article","og_title":"RESTAURANT CASTIGLIONCELLO - Hotel Tirreno","og_description":"hoteltirreno.info - Castiglioncello restaurant, eine klimatisierte Lounge und einen Au\u00dfenbereich mit einer Terrasse mit Gartenblick","og_url":"https:\/\/www.hotel-tirreno.com\/de\/restaurant-castiglioncello\/","og_site_name":"Hotel Tirreno","article_modified_time":"2017-10-27T13:30:39+00:00","twitter_card":"summary_large_image","twitter_misc":{"Gesch\u00e4tzte Lesezeit":"3\u00a0Minuten"},"schema":{"@context":"https:\/\/schema.org","@graph":[{"@type":"WebPage","@id":"https:\/\/www.hotel-tirreno.com\/de\/restaurant-castiglioncello\/","url":"https:\/\/www.hotel-tirreno.com\/de\/restaurant-castiglioncello\/","name":"RESTAURANT CASTIGLIONCELLO - Hotel Tirreno","isPartOf":{"@id":"https:\/\/www.hotel-tirreno.com\/#website"},"datePublished":"2017-10-27T07:42:32+00:00","dateModified":"2017-10-27T13:30:39+00:00","description":"hoteltirreno.info - Castiglioncello restaurant, eine klimatisierte Lounge und einen Au\u00dfenbereich mit einer Terrasse mit Gartenblick","breadcrumb":{"@id":"https:\/\/www.hotel-tirreno.com\/de\/restaurant-castiglioncello\/#breadcrumb"},"inLanguage":"de","potentialAction":[{"@type":"ReadAction","target":["https:\/\/www.hotel-tirreno.com\/de\/restaurant-castiglioncello\/"]}]},{"@type":"BreadcrumbList","@id":"https:\/\/www.hotel-tirreno.com\/de\/restaurant-castiglioncello\/#breadcrumb","itemListElement":[{"@type":"ListItem","position":1,"name":"Home","item":"https:\/\/www.hotel-tirreno.com\/de\/home\/"},{"@type":"ListItem","position":2,"name":"Restaurant Castiglioncello"}]},{"@type":"WebSite","@id":"https:\/\/www.hotel-tirreno.com\/#website","url":"https:\/\/www.hotel-tirreno.com\/","name":"Hotel Tirreno","description":"Hotel a Castiglioncello","publisher":{"@id":"https:\/\/www.hotel-tirreno.com\/#organization"},"potentialAction":[{"@type":"SearchAction","target":{"@type":"EntryPoint","urlTemplate":"https:\/\/www.hotel-tirreno.com\/?s={search_term_string}"},"query-input":"required name=search_term_string"}],"inLanguage":"de"},{"@type":"Organization","@id":"https:\/\/www.hotel-tirreno.com\/#organization","name":"Tirreno Hotel di Paoletti Gianluca, Riccardo & C. sas","url":"https:\/\/www.hotel-tirreno.com\/","logo":{"@type":"ImageObject","inLanguage":"de","@id":"https:\/\/www.hotel-tirreno.com\/#\/schema\/logo\/image\/","url":"https:\/\/www.hotel-tirreno.com\/wp-content\/uploads\/2017\/10\/logo-s.png","contentUrl":"https:\/\/www.hotel-tirreno.com\/wp-content\/uploads\/2017\/10\/logo-s.png","width":120,"height":76,"caption":"Tirreno Hotel di Paoletti Gianluca, Riccardo & C. sas"},"image":{"@id":"https:\/\/www.hotel-tirreno.com\/#\/schema\/logo\/image\/"}}]}},"_links":{"self":[{"href":"https:\/\/www.hotel-tirreno.com\/de\/wp-json\/wp\/v2\/pages\/1772"}],"collection":[{"href":"https:\/\/www.hotel-tirreno.com\/de\/wp-json\/wp\/v2\/pages"}],"about":[{"href":"https:\/\/www.hotel-tirreno.com\/de\/wp-json\/wp\/v2\/types\/page"}],"author":[{"embeddable":true,"href":"https:\/\/www.hotel-tirreno.com\/de\/wp-json\/wp\/v2\/users\/1"}],"replies":[{"embeddable":true,"href":"https:\/\/www.hotel-tirreno.com\/de\/wp-json\/wp\/v2\/comments?post=1772"}],"version-history":[{"count":0,"href":"https:\/\/www.hotel-tirreno.com\/de\/wp-json\/wp\/v2\/pages\/1772\/revisions"}],"wp:attachment":[{"href":"https:\/\/www.hotel-tirreno.com\/de\/wp-json\/wp\/v2\/media?parent=1772"}],"curies":[{"name":"wp","href":"https:\/\/api.w.org\/{rel}","templated":true}]}}