{"id":1774,"date":"2017-10-27T09:44:14","date_gmt":"2017-10-27T07:44:14","guid":{"rendered":"https:\/\/www.hotel-tirreno.com\/castiglioncello-hotel-rooms-copy\/"},"modified":"2017-10-27T15:30:38","modified_gmt":"2017-10-27T13:30:38","slug":"hotelzimmer-castiglioncello","status":"publish","type":"page","link":"https:\/\/www.hotel-tirreno.com\/de\/hotelzimmer-castiglioncello\/","title":{"rendered":"Hotelzimmer Castiglioncello"},"content":{"rendered":"<p>[vc_row][vc_column][fleurdesel_heading title_size=&#8220;Default&#8220; align=&#8220;center&#8220; title=&#8220;Hotelzimmer Castiglioncello&#8220; subtitle=&#8220;Hotel Tirreno&#8220; css=&#8220;.vc_custom_1509090284170{margin-bottom: 30px !important;padding-top: 60px !important;}&#8220;][\/vc_column][\/vc_row][vc_row][vc_column width=&#8220;1\/2&#8243;][vc_column_text]Hotel Tirreno verf\u00fcgt \u00fcber <strong>22 Zimmer<\/strong>. Alle verf\u00fcgen \u00fcber ein eigenes Bad und einige bieten zudem eine gro\u00dfe Panoramaterrasse mit Gartenblick.<\/p>\n<p>Die Einrichtung der Zimmer wird vom <strong>Eigent\u00fcmer in jedem Detail gepflegt<\/strong>, dominieren die Pastellfarben und die sanften Farbt\u00f6ne, die die <strong>Zimmer entspannend und hell machen<\/strong>.<\/p>\n<p>Jedes Zimmer ist nur mit <strong>pers\u00f6nlichem Magnetkarte zug\u00e4nglich<\/strong>, das bei der Ankunft im Hotel an der Rezeption geliefert wird.<\/p>\n<p>In den Zimmern des Hotel Tirreno k\u00f6nnen die G\u00e4ste Folgendes nutzen: <em>Badezimmer mit Dusche, Satelliten-Farbfernseher, Minibar, Direktwahltelefon, Klimaanlage, Haartrockner, Safe<\/em>[\/vc_column_text][\/vc_column][vc_column width=&#8220;1\/2&#8243;][fleurdesel_fullscreen_slider sliders=&#8220;%5B%7B%22image%22%3A%221533%22%2C%22link%22%3A%22%23%22%7D%2C%7B%22image%22%3A%221529%22%7D%2C%7B%22image%22%3A%221523%22%7D%2C%7B%22image%22%3A%221530%22%7D%2C%7B%22image%22%3A%221527%22%7D%2C%7B%22image%22%3A%221524%22%7D%5D&#8220; css=&#8220;.vc_custom_1508946773099{margin-top: 30px !important;margin-bottom: 90px !important;}&#8220;][\/vc_column][\/vc_row][vc_row full_width=&#8220;stretch_row&#8220; css=&#8220;.vc_custom_1508947581370{background-image: url(https:\/\/www.hotel-tirreno.com\/wp-content\/uploads\/2017\/10\/tirreno-9-testata.jpg?id=1554) !important;background-position: center !important;background-repeat: no-repeat !important;background-size: cover !important;}&#8220;][vc_column][vc_custom_heading text=&#8220;BUCHUNG JETZT EIN ZIMMER&#8220; font_container=&#8220;tag:h3|text_align:center|color:%23ffffff&#8220; use_theme_fonts=&#8220;yes&#8220; link=&#8220;url:https%3A%2F%2Fwww.sleeping.it%2FBooking%2FReservation%2Findex%2Fb9910df7-798e-48d0-bbc1-98fa956978e8|||&#8220; css=&#8220;.vc_custom_1509096372546{padding-top: 80px !important;padding-bottom: 20px !important;}&#8220;][vc_btn title=&#8220;BUCHUNG&#8220; color=&#8220;orange&#8220; align=&#8220;center&#8220; link=&#8220;url:https%3A%2F%2Fwww.sleeping.it%2FBooking%2FReservation%2Findex%2Fb9910df7-798e-48d0-bbc1-98fa956978e8|||&#8220; css=&#8220;.vc_custom_1509096333189{padding-bottom: 100px !important;}&#8220;][\/vc_column][\/vc_row][vc_row full_width=&#8220;stretch_row_content&#8220; css=&#8220;.vc_custom_1508923058849{margin-bottom: -50px !important;}&#8220;][vc_column css=&#8220;.vc_custom_1508937073465{padding-top: 90px !important;padding-bottom: 80px !important;background-color: #f8f8f8 !important;}&#8220;][fleurdesel_heading title_size=&#8220;Default&#8220; align=&#8220;center&#8220; title=&#8220;Man sagt&#8230;&#8220; subtitle=&#8220;UNSERE G\u00c4STE&#8220;][fleurdesel_testimonials_carousel layout=&#8220;centered_small_content&#8220; _slick_arrows=&#8220;1&#8243; _slick_draggable=&#8220;1&#8243; testimonials=&#8220;%5B%7B%22avatar%22%3A%221861%22%2C%22name%22%3A%22derjanthomas%22%2C%22from%22%3A%22Tripadvisor%22%2C%22content%22%3A%22Man%20darf%20sich%20von%20den%20drei%20Sternen%20nicht%20t%C3%A4uschen%20lassen%2C%20verdient%20h%C3%A4tte%20das%20Hotel%20auch%20vier!%20Sehr%20sauberes%20und%20gehobenes%20Hotel%20mit%20gro%C3%9Fem%20Fr%C3%BChst%C3%BCcksbuffet.%22%7D%2C%7B%22avatar%22%3A%221613%22%2C%22name%22%3A%22Rhomi%22%2C%22from%22%3A%22Booking.com%22%2C%22content%22%3A%22Personal%20sehr%20hilfsbereit%20und%20freundlich.%5CnDer%20Herr%20an%20der%20Rezeption%20war%20einfach%20ein%20toller%20Mensch.%20%5CnEin%20wundersch%C3%B6nes%20Hotel%20und%20sehr%20sauber%2C%20das%20Fr%C3%BChst%C3%BCck%20war%20der%20Hammer.%5CnWir%20kommen%20ganz%20sicher%20wieder!%22%7D%5D&#8220; _slick_breakpoints=&#8220;lg:1|md:1|sm:1|xs:1&#8243; el_class=&#8220;fleurdesel-testimonial&#8211;other&#8220;][\/vc_column][\/vc_row][vc_row full_width=&#8220;stretch_row_content_no_spaces&#8220;][vc_column width=&#8220;1\/2&#8243; offset=&#8220;vc_col-lg-3 vc_col-md-6&#8243;][fleurdesel_service image=&#8220;1607&#8243; title=&#8220;Hotel&#8220; link=&#8220;https:\/\/www.hotel-tirreno.com\/de\/hotel-castiglioncello\/&#8220;][\/vc_column][vc_column width=&#8220;1\/2&#8243; offset=&#8220;vc_col-lg-3 vc_col-md-6&#8243;][fleurdesel_service image=&#8220;1395&#8243; title=&#8220;Umgebung&#8220; link=&#8220;https:\/\/www.hotel-tirreno.com\/de\/castiglioncello\/castiglioncello-umgebung\/&#8220;][\/vc_column][vc_column width=&#8220;1\/2&#8243; offset=&#8220;vc_col-lg-3 vc_col-md-6&#8243;][fleurdesel_service image=&#8220;1419&#8243; title=&#8220;Hochzeiten &amp; Events&#8220; link=&#8220;https:\/\/www.hotel-tirreno.com\/de\/veranstaltungsort-castiglioncello\/&#8220;][\/vc_column][vc_column width=&#8220;1\/2&#8243; offset=&#8220;vc_col-lg-3 vc_col-md-6&#8243;][fleurdesel_service image=&#8220;1392&#8243; title=&#8220;Fotogalerie&#8220; link=&#8220;https:\/\/www.hotel-tirreno.com\/de\/hotel-tirreno-castiglioncello\/&#8220;][\/vc_column][\/vc_row]<\/p>\n","protected":false},"excerpt":{"rendered":"<p>[vc_row][vc_column][fleurdesel_heading title_size=&#8220;Default&#8220; align=&#8220;center&#8220; title=&#8220;Hotelzimmer Castiglioncello&#8220; subtitle=&#8220;Hotel Tirreno&#8220; css=&#8220;.vc_custom_1509090284170{margin-bottom: 30px !important;padding-top: 60px !important;}&#8220;][\/vc_column][\/vc_row][vc_row][vc_column width=&#8220;1\/2&#8243;][vc_column_text]Hotel Tirreno verf\u00fcgt \u00fcber 22 Zimmer. Alle verf\u00fcgen \u00fcber ein eigenes Bad und einige bieten zudem eine gro\u00dfe Panoramaterrasse mit Gartenblick. Die Einrichtung der Zimmer wird vom Eigent\u00fcmer in jedem Detail gepflegt, dominieren die Pastellfarben und die sanften Farbt\u00f6ne, die die Zimmer entspannend [&hellip;]<\/p>\n","protected":false},"author":1,"featured_media":0,"parent":0,"menu_order":0,"comment_status":"closed","ping_status":"closed","template":"templates\/page-builder.php","meta":[],"yoast_head":"<!-- This site is optimized with the Yoast SEO plugin v19.10 - https:\/\/yoast.com\/wordpress\/plugins\/seo\/ -->\n<title>HOTELZIMMER CASTIGLIONCELLO - Hotel Tirreno<\/title>\n<meta name=\"description\" content=\"hoteltirreno.info - Hotelzimmer Castiglioncello, ein eigenes Bad und einige bieten zudem eine gro\u00dfe Panoramaterrasse mit Gartenblick\" \/>\n<meta name=\"robots\" content=\"index, follow, max-snippet:-1, max-image-preview:large, max-video-preview:-1\" \/>\n<link rel=\"canonical\" href=\"https:\/\/www.hotel-tirreno.com\/de\/hotelzimmer-castiglioncello\/\" \/>\n<meta property=\"og:locale\" content=\"de_DE\" \/>\n<meta property=\"og:type\" content=\"article\" \/>\n<meta property=\"og:title\" content=\"HOTELZIMMER CASTIGLIONCELLO - Hotel Tirreno\" \/>\n<meta property=\"og:description\" content=\"hoteltirreno.info - Hotelzimmer Castiglioncello, ein eigenes Bad und einige bieten zudem eine gro\u00dfe Panoramaterrasse mit Gartenblick\" \/>\n<meta property=\"og:url\" content=\"https:\/\/www.hotel-tirreno.com\/de\/hotelzimmer-castiglioncello\/\" \/>\n<meta property=\"og:site_name\" content=\"Hotel Tirreno\" \/>\n<meta property=\"article:modified_time\" content=\"2017-10-27T13:30:38+00:00\" \/>\n<meta name=\"twitter:card\" content=\"summary_large_image\" \/>\n<meta name=\"twitter:label1\" content=\"Gesch\u00e4tzte Lesezeit\" \/>\n\t<meta name=\"twitter:data1\" content=\"3\u00a0Minuten\" \/>\n<script type=\"application\/ld+json\" class=\"yoast-schema-graph\">{\"@context\":\"https:\/\/schema.org\",\"@graph\":[{\"@type\":\"WebPage\",\"@id\":\"https:\/\/www.hotel-tirreno.com\/de\/hotelzimmer-castiglioncello\/\",\"url\":\"https:\/\/www.hotel-tirreno.com\/de\/hotelzimmer-castiglioncello\/\",\"name\":\"HOTELZIMMER CASTIGLIONCELLO - Hotel Tirreno\",\"isPartOf\":{\"@id\":\"https:\/\/www.hotel-tirreno.com\/#website\"},\"datePublished\":\"2017-10-27T07:44:14+00:00\",\"dateModified\":\"2017-10-27T13:30:38+00:00\",\"description\":\"hoteltirreno.info - Hotelzimmer Castiglioncello, ein eigenes Bad und einige bieten zudem eine gro\u00dfe Panoramaterrasse mit Gartenblick\",\"breadcrumb\":{\"@id\":\"https:\/\/www.hotel-tirreno.com\/de\/hotelzimmer-castiglioncello\/#breadcrumb\"},\"inLanguage\":\"de\",\"potentialAction\":[{\"@type\":\"ReadAction\",\"target\":[\"https:\/\/www.hotel-tirreno.com\/de\/hotelzimmer-castiglioncello\/\"]}]},{\"@type\":\"BreadcrumbList\",\"@id\":\"https:\/\/www.hotel-tirreno.com\/de\/hotelzimmer-castiglioncello\/#breadcrumb\",\"itemListElement\":[{\"@type\":\"ListItem\",\"position\":1,\"name\":\"Home\",\"item\":\"https:\/\/www.hotel-tirreno.com\/de\/home\/\"},{\"@type\":\"ListItem\",\"position\":2,\"name\":\"Hotelzimmer Castiglioncello\"}]},{\"@type\":\"WebSite\",\"@id\":\"https:\/\/www.hotel-tirreno.com\/#website\",\"url\":\"https:\/\/www.hotel-tirreno.com\/\",\"name\":\"Hotel Tirreno\",\"description\":\"Hotel a Castiglioncello\",\"publisher\":{\"@id\":\"https:\/\/www.hotel-tirreno.com\/#organization\"},\"potentialAction\":[{\"@type\":\"SearchAction\",\"target\":{\"@type\":\"EntryPoint\",\"urlTemplate\":\"https:\/\/www.hotel-tirreno.com\/?s={search_term_string}\"},\"query-input\":\"required name=search_term_string\"}],\"inLanguage\":\"de\"},{\"@type\":\"Organization\",\"@id\":\"https:\/\/www.hotel-tirreno.com\/#organization\",\"name\":\"Tirreno Hotel di Paoletti Gianluca, Riccardo & C. sas\",\"url\":\"https:\/\/www.hotel-tirreno.com\/\",\"logo\":{\"@type\":\"ImageObject\",\"inLanguage\":\"de\",\"@id\":\"https:\/\/www.hotel-tirreno.com\/#\/schema\/logo\/image\/\",\"url\":\"https:\/\/www.hotel-tirreno.com\/wp-content\/uploads\/2017\/10\/logo-s.png\",\"contentUrl\":\"https:\/\/www.hotel-tirreno.com\/wp-content\/uploads\/2017\/10\/logo-s.png\",\"width\":120,\"height\":76,\"caption\":\"Tirreno Hotel di Paoletti Gianluca, Riccardo & C. sas\"},\"image\":{\"@id\":\"https:\/\/www.hotel-tirreno.com\/#\/schema\/logo\/image\/\"}}]}<\/script>\n<!-- \/ Yoast SEO plugin. -->","yoast_head_json":{"title":"HOTELZIMMER CASTIGLIONCELLO - Hotel Tirreno","description":"hoteltirreno.info - Hotelzimmer Castiglioncello, ein eigenes Bad und einige bieten zudem eine gro\u00dfe Panoramaterrasse mit Gartenblick","robots":{"index":"index","follow":"follow","max-snippet":"max-snippet:-1","max-image-preview":"max-image-preview:large","max-video-preview":"max-video-preview:-1"},"canonical":"https:\/\/www.hotel-tirreno.com\/de\/hotelzimmer-castiglioncello\/","og_locale":"de_DE","og_type":"article","og_title":"HOTELZIMMER CASTIGLIONCELLO - Hotel Tirreno","og_description":"hoteltirreno.info - Hotelzimmer Castiglioncello, ein eigenes Bad und einige bieten zudem eine gro\u00dfe Panoramaterrasse mit Gartenblick","og_url":"https:\/\/www.hotel-tirreno.com\/de\/hotelzimmer-castiglioncello\/","og_site_name":"Hotel Tirreno","article_modified_time":"2017-10-27T13:30:38+00:00","twitter_card":"summary_large_image","twitter_misc":{"Gesch\u00e4tzte Lesezeit":"3\u00a0Minuten"},"schema":{"@context":"https:\/\/schema.org","@graph":[{"@type":"WebPage","@id":"https:\/\/www.hotel-tirreno.com\/de\/hotelzimmer-castiglioncello\/","url":"https:\/\/www.hotel-tirreno.com\/de\/hotelzimmer-castiglioncello\/","name":"HOTELZIMMER CASTIGLIONCELLO - Hotel Tirreno","isPartOf":{"@id":"https:\/\/www.hotel-tirreno.com\/#website"},"datePublished":"2017-10-27T07:44:14+00:00","dateModified":"2017-10-27T13:30:38+00:00","description":"hoteltirreno.info - Hotelzimmer Castiglioncello, ein eigenes Bad und einige bieten zudem eine gro\u00dfe Panoramaterrasse mit Gartenblick","breadcrumb":{"@id":"https:\/\/www.hotel-tirreno.com\/de\/hotelzimmer-castiglioncello\/#breadcrumb"},"inLanguage":"de","potentialAction":[{"@type":"ReadAction","target":["https:\/\/www.hotel-tirreno.com\/de\/hotelzimmer-castiglioncello\/"]}]},{"@type":"BreadcrumbList","@id":"https:\/\/www.hotel-tirreno.com\/de\/hotelzimmer-castiglioncello\/#breadcrumb","itemListElement":[{"@type":"ListItem","position":1,"name":"Home","item":"https:\/\/www.hotel-tirreno.com\/de\/home\/"},{"@type":"ListItem","position":2,"name":"Hotelzimmer Castiglioncello"}]},{"@type":"WebSite","@id":"https:\/\/www.hotel-tirreno.com\/#website","url":"https:\/\/www.hotel-tirreno.com\/","name":"Hotel Tirreno","description":"Hotel a Castiglioncello","publisher":{"@id":"https:\/\/www.hotel-tirreno.com\/#organization"},"potentialAction":[{"@type":"SearchAction","target":{"@type":"EntryPoint","urlTemplate":"https:\/\/www.hotel-tirreno.com\/?s={search_term_string}"},"query-input":"required name=search_term_string"}],"inLanguage":"de"},{"@type":"Organization","@id":"https:\/\/www.hotel-tirreno.com\/#organization","name":"Tirreno Hotel di Paoletti Gianluca, Riccardo & C. sas","url":"https:\/\/www.hotel-tirreno.com\/","logo":{"@type":"ImageObject","inLanguage":"de","@id":"https:\/\/www.hotel-tirreno.com\/#\/schema\/logo\/image\/","url":"https:\/\/www.hotel-tirreno.com\/wp-content\/uploads\/2017\/10\/logo-s.png","contentUrl":"https:\/\/www.hotel-tirreno.com\/wp-content\/uploads\/2017\/10\/logo-s.png","width":120,"height":76,"caption":"Tirreno Hotel di Paoletti Gianluca, Riccardo & C. sas"},"image":{"@id":"https:\/\/www.hotel-tirreno.com\/#\/schema\/logo\/image\/"}}]}},"_links":{"self":[{"href":"https:\/\/www.hotel-tirreno.com\/de\/wp-json\/wp\/v2\/pages\/1774"}],"collection":[{"href":"https:\/\/www.hotel-tirreno.com\/de\/wp-json\/wp\/v2\/pages"}],"about":[{"href":"https:\/\/www.hotel-tirreno.com\/de\/wp-json\/wp\/v2\/types\/page"}],"author":[{"embeddable":true,"href":"https:\/\/www.hotel-tirreno.com\/de\/wp-json\/wp\/v2\/users\/1"}],"replies":[{"embeddable":true,"href":"https:\/\/www.hotel-tirreno.com\/de\/wp-json\/wp\/v2\/comments?post=1774"}],"version-history":[{"count":0,"href":"https:\/\/www.hotel-tirreno.com\/de\/wp-json\/wp\/v2\/pages\/1774\/revisions"}],"wp:attachment":[{"href":"https:\/\/www.hotel-tirreno.com\/de\/wp-json\/wp\/v2\/media?parent=1774"}],"curies":[{"name":"wp","href":"https:\/\/api.w.org\/{rel}","templated":true}]}}