{"id":1943,"date":"2017-11-08T09:03:51","date_gmt":"2017-11-08T08:03:51","guid":{"rendered":"https:\/\/www.hotel-tirreno.com\/?page_id=1943\/"},"modified":"2017-11-10T09:24:41","modified_gmt":"2017-11-10T08:24:41","slug":"urlaub-castiglioncello","status":"publish","type":"page","link":"https:\/\/www.hotel-tirreno.com\/de\/urlaub-castiglioncello\/","title":{"rendered":"Preisliste"},"content":{"rendered":"<p>[vc_row][vc_column][fleurdesel_heading title_size=&#8220;Default&#8220; align=&#8220;center&#8220; title=&#8220;Urlaub Castiglioncello&#8220; subtitle=&#8220;Hotel Tirreno&#8220; css=&#8220;.vc_custom_1510127955003{margin-bottom: 30px !important;padding-top: 60px !important;}&#8220;][\/vc_column][\/vc_row][vc_row][vc_column][vc_tta_tour shape=&#8220;square&#8220; color=&#8220;peacoc&#8220; active_section=&#8220;1&#8243;][vc_tta_section title=&#8220;Einzelzimmer&#8220; tab_id=&#8220;1509975762758-efc1f497-5035&#8243;][vc_column_text]<\/p>\n<table>\n<tbody>\n<tr>\n<th style=\"text-align: center;\"><\/th>\n<th style=\"text-align: center;\">BB<\/th>\n<th style=\"text-align: center;\">HB<\/th>\n<th style=\"text-align: center;\">FB<\/th>\n<\/tr>\n<tr>\n<td style=\"text-align: center;\">07\/04 &#8211; 31\/05<\/td>\n<td style=\"text-align: center;\">\u20ac 75<\/td>\n<td style=\"text-align: center;\">&#8211;<\/td>\n<td style=\"text-align: center;\">&#8211;<\/td>\n<\/tr>\n<tr>\n<td style=\"text-align: center;\">01\/06 &#8211; 30\/06<\/td>\n<td style=\"text-align: center;\">\u20ac 75<\/td>\n<td style=\"text-align: center;\">\u20ac 85<\/td>\n<td style=\"text-align: center;\">\u20ac 90<\/td>\n<\/tr>\n<tr>\n<td style=\"text-align: center;\">01\/07 &#8211; 31\/07<\/td>\n<td style=\"text-align: center;\">\u20ac 80<\/td>\n<td style=\"text-align: center;\">\u20ac 95<\/td>\n<td style=\"text-align: center;\">\u20ac 100<\/td>\n<\/tr>\n<tr>\n<td style=\"text-align: center;\">01\/08 &#8211; 05\/08<\/td>\n<td style=\"text-align: center;\">\u20ac 85<\/td>\n<td style=\"text-align: center;\">\u20ac 100<\/td>\n<td style=\"text-align: center;\">\u20ac 105<\/td>\n<\/tr>\n<tr>\n<td style=\"text-align: center;\">06\/08 &#8211; 26\/08<\/td>\n<td style=\"text-align: center;\">\u20ac 90<\/td>\n<td style=\"text-align: center;\">\u20ac 110<\/td>\n<td style=\"text-align: center;\">\u20ac 115<\/td>\n<\/tr>\n<tr>\n<td style=\"text-align: center;\">27\/08 &#8211; 10\/09<\/td>\n<td style=\"text-align: center;\">\u20ac 80<\/td>\n<td style=\"text-align: center;\">\u20ac 90<\/td>\n<td style=\"text-align: center;\">\u20ac 95<\/td>\n<\/tr>\n<tr>\n<td style=\"text-align: center;\">11\/09 &#8211; 16\/09<\/td>\n<td style=\"text-align: center;\">\u20ac 75<\/td>\n<td style=\"text-align: center;\">\u20ac 85<\/td>\n<td style=\"text-align: center;\">\u20ac 90<\/td>\n<\/tr>\n<tr>\n<td style=\"text-align: center;\">17\/09 &#8211; 30\/09<\/td>\n<td style=\"text-align: center;\">\u20ac 75<\/td>\n<td style=\"text-align: center;\">&#8211;<\/td>\n<td style=\"text-align: center;\">&#8211;<\/td>\n<\/tr>\n<\/tbody>\n<\/table>\n<p>[\/vc_column_text][\/vc_tta_section][vc_tta_section title=&#8220;Doppelzimmer&#8220; tab_id=&#8220;1509975762854-cec81481-1968&#8243;][vc_column_text]<\/p>\n<table>\n<tbody>\n<tr>\n<th style=\"text-align: center;\"><\/th>\n<th style=\"text-align: center;\">BB<\/th>\n<th style=\"text-align: center;\">HB<\/th>\n<th style=\"text-align: center;\">FB<\/th>\n<\/tr>\n<tr>\n<td style=\"text-align: center;\">07\/04 &#8211; 31\/05<\/td>\n<td style=\"text-align: center;\">\u20ac 75<\/td>\n<td style=\"text-align: center;\">&#8211;<\/td>\n<td style=\"text-align: center;\">&#8211;<\/td>\n<\/tr>\n<tr>\n<td style=\"text-align: center;\">01\/06 &#8211; 30\/06<\/td>\n<td style=\"text-align: center;\">\u20ac 75<\/td>\n<td style=\"text-align: center;\">\u20ac 85<\/td>\n<td style=\"text-align: center;\">\u20ac 90<\/td>\n<\/tr>\n<tr>\n<td style=\"text-align: center;\">01\/07 &#8211; 31\/07<\/td>\n<td style=\"text-align: center;\">\u20ac 80<\/td>\n<td style=\"text-align: center;\">\u20ac 95<\/td>\n<td style=\"text-align: center;\">\u20ac 100<\/td>\n<\/tr>\n<tr>\n<td style=\"text-align: center;\">01\/08 &#8211; 05\/08<\/td>\n<td style=\"text-align: center;\">\u20ac 85<\/td>\n<td style=\"text-align: center;\">\u20ac 100<\/td>\n<td style=\"text-align: center;\">\u20ac 105<\/td>\n<\/tr>\n<tr>\n<td style=\"text-align: center;\">06\/08 &#8211; 26\/08<\/td>\n<td style=\"text-align: center;\">\u20ac 90<\/td>\n<td style=\"text-align: center;\">\u20ac 110<\/td>\n<td style=\"text-align: center;\">\u20ac 115<\/td>\n<\/tr>\n<tr>\n<td style=\"text-align: center;\">27\/08 &#8211; 10\/09<\/td>\n<td style=\"text-align: center;\">\u20ac 80<\/td>\n<td style=\"text-align: center;\">\u20ac 90<\/td>\n<td style=\"text-align: center;\">\u20ac 95<\/td>\n<\/tr>\n<tr>\n<td style=\"text-align: center;\">11\/09 &#8211; 16\/09<\/td>\n<td style=\"text-align: center;\">\u20ac 75<\/td>\n<td style=\"text-align: center;\">\u20ac 85<\/td>\n<td style=\"text-align: center;\">\u20ac 90<\/td>\n<\/tr>\n<tr>\n<td style=\"text-align: center;\">17\/09 &#8211; 30\/09<\/td>\n<td style=\"text-align: center;\">\u20ac 75<\/td>\n<td style=\"text-align: center;\">&#8211;<\/td>\n<td style=\"text-align: center;\">&#8211;<\/td>\n<\/tr>\n<\/tbody>\n<\/table>\n<p>[\/vc_column_text][\/vc_tta_section][vc_tta_section title=&#8220;Doppelzimmer mit Balkon&#8220; tab_id=&#8220;1510043389174-9eb86ae0-272f&#8220;][vc_column_text]<\/p>\n<table>\n<tbody>\n<tr>\n<th style=\"text-align: center;\"><\/th>\n<th style=\"text-align: center;\">BB<\/th>\n<th style=\"text-align: center;\">HB<\/th>\n<th style=\"text-align: center;\">FB<\/th>\n<\/tr>\n<tr>\n<td style=\"text-align: center;\">07\/04 &#8211; 31\/05<\/td>\n<td style=\"text-align: center;\">\u20ac 75<\/td>\n<td style=\"text-align: center;\">&#8211;<\/td>\n<td style=\"text-align: center;\">&#8211;<\/td>\n<\/tr>\n<tr>\n<td style=\"text-align: center;\">01\/06 &#8211; 30\/06<\/td>\n<td style=\"text-align: center;\">\u20ac 75<\/td>\n<td style=\"text-align: center;\">\u20ac 85<\/td>\n<td style=\"text-align: center;\">\u20ac 90<\/td>\n<\/tr>\n<tr>\n<td style=\"text-align: center;\">01\/07 &#8211; 31\/07<\/td>\n<td style=\"text-align: center;\">\u20ac 80<\/td>\n<td style=\"text-align: center;\">\u20ac 95<\/td>\n<td style=\"text-align: center;\">\u20ac 100<\/td>\n<\/tr>\n<tr>\n<td style=\"text-align: center;\">01\/08 &#8211; 05\/08<\/td>\n<td style=\"text-align: center;\">\u20ac 85<\/td>\n<td style=\"text-align: center;\">\u20ac 100<\/td>\n<td style=\"text-align: center;\">\u20ac 105<\/td>\n<\/tr>\n<tr>\n<td style=\"text-align: center;\">06\/08 &#8211; 26\/08<\/td>\n<td style=\"text-align: center;\">\u20ac 90<\/td>\n<td style=\"text-align: center;\">\u20ac 110<\/td>\n<td style=\"text-align: center;\">\u20ac 115<\/td>\n<\/tr>\n<tr>\n<td style=\"text-align: center;\">27\/08 &#8211; 10\/09<\/td>\n<td style=\"text-align: center;\">\u20ac 80<\/td>\n<td style=\"text-align: center;\">\u20ac 90<\/td>\n<td style=\"text-align: center;\">\u20ac 95<\/td>\n<\/tr>\n<tr>\n<td style=\"text-align: center;\">11\/09 &#8211; 16\/09<\/td>\n<td style=\"text-align: center;\">\u20ac 75<\/td>\n<td style=\"text-align: center;\">\u20ac 85<\/td>\n<td style=\"text-align: center;\">\u20ac 90<\/td>\n<\/tr>\n<tr>\n<td style=\"text-align: center;\">17\/09 &#8211; 30\/09<\/td>\n<td style=\"text-align: center;\">\u20ac 75<\/td>\n<td style=\"text-align: center;\">&#8211;<\/td>\n<td style=\"text-align: center;\">&#8211;<\/td>\n<\/tr>\n<\/tbody>\n<\/table>\n<p>[\/vc_column_text][\/vc_tta_section][vc_tta_section title=&#8220;Dreibettzimmer&#8220; tab_id=&#8220;1510043388192-cc0485f2-0963&#8243;][vc_column_text]<\/p>\n<table>\n<tbody>\n<tr>\n<th style=\"text-align: center;\"><\/th>\n<th style=\"text-align: center;\">BB<\/th>\n<th style=\"text-align: center;\">HB<\/th>\n<th style=\"text-align: center;\">FB<\/th>\n<\/tr>\n<tr>\n<td style=\"text-align: center;\">07\/04 &#8211; 31\/05<\/td>\n<td style=\"text-align: center;\">\u20ac 75<\/td>\n<td style=\"text-align: center;\">&#8211;<\/td>\n<td style=\"text-align: center;\">&#8211;<\/td>\n<\/tr>\n<tr>\n<td style=\"text-align: center;\">01\/06 &#8211; 30\/06<\/td>\n<td style=\"text-align: center;\">\u20ac 75<\/td>\n<td style=\"text-align: center;\">\u20ac 85<\/td>\n<td style=\"text-align: center;\">\u20ac 90<\/td>\n<\/tr>\n<tr>\n<td style=\"text-align: center;\">01\/07 &#8211; 31\/07<\/td>\n<td style=\"text-align: center;\">\u20ac 80<\/td>\n<td style=\"text-align: center;\">\u20ac 95<\/td>\n<td style=\"text-align: center;\">\u20ac 100<\/td>\n<\/tr>\n<tr>\n<td style=\"text-align: center;\">01\/08 &#8211; 05\/08<\/td>\n<td style=\"text-align: center;\">\u20ac 85<\/td>\n<td style=\"text-align: center;\">\u20ac 100<\/td>\n<td style=\"text-align: center;\">\u20ac 105<\/td>\n<\/tr>\n<tr>\n<td style=\"text-align: center;\">06\/08 &#8211; 26\/08<\/td>\n<td style=\"text-align: center;\">\u20ac 90<\/td>\n<td style=\"text-align: center;\">\u20ac 110<\/td>\n<td style=\"text-align: center;\">\u20ac 115<\/td>\n<\/tr>\n<tr>\n<td style=\"text-align: center;\">27\/08 &#8211; 10\/09<\/td>\n<td style=\"text-align: center;\">\u20ac 80<\/td>\n<td style=\"text-align: center;\">\u20ac 90<\/td>\n<td style=\"text-align: center;\">\u20ac 95<\/td>\n<\/tr>\n<tr>\n<td style=\"text-align: center;\">11\/09 &#8211; 16\/09<\/td>\n<td style=\"text-align: center;\">\u20ac 75<\/td>\n<td style=\"text-align: center;\">\u20ac 85<\/td>\n<td style=\"text-align: center;\">\u20ac 90<\/td>\n<\/tr>\n<tr>\n<td style=\"text-align: center;\">17\/09 &#8211; 30\/09<\/td>\n<td style=\"text-align: center;\">\u20ac 75<\/td>\n<td style=\"text-align: center;\">&#8211;<\/td>\n<td style=\"text-align: center;\">&#8211;<\/td>\n<\/tr>\n<\/tbody>\n<\/table>\n<p>[\/vc_column_text][\/vc_tta_section][vc_tta_section title=&#8220;Wohnzimmer&#8220; tab_id=&#8220;1510043386568-9d32c7b9-fe6d&#8220;][vc_column_text]<\/p>\n<table>\n<tbody>\n<tr>\n<th style=\"text-align: center;\"><\/th>\n<th style=\"text-align: center;\">BB<\/th>\n<th style=\"text-align: center;\">HB<\/th>\n<th style=\"text-align: center;\">FB<\/th>\n<\/tr>\n<tr>\n<td style=\"text-align: center;\">07\/04 &#8211; 31\/05<\/td>\n<td style=\"text-align: center;\">\u20ac 75<\/td>\n<td style=\"text-align: center;\">&#8211;<\/td>\n<td style=\"text-align: center;\">&#8211;<\/td>\n<\/tr>\n<tr>\n<td style=\"text-align: center;\">01\/06 &#8211; 30\/06<\/td>\n<td style=\"text-align: center;\">\u20ac 75<\/td>\n<td style=\"text-align: center;\">\u20ac 85<\/td>\n<td style=\"text-align: center;\">\u20ac 90<\/td>\n<\/tr>\n<tr>\n<td style=\"text-align: center;\">01\/07 &#8211; 31\/07<\/td>\n<td style=\"text-align: center;\">\u20ac 80<\/td>\n<td style=\"text-align: center;\">\u20ac 95<\/td>\n<td style=\"text-align: center;\">\u20ac 100<\/td>\n<\/tr>\n<tr>\n<td style=\"text-align: center;\">01\/08 &#8211; 05\/08<\/td>\n<td style=\"text-align: center;\">\u20ac 85<\/td>\n<td style=\"text-align: center;\">\u20ac 100<\/td>\n<td style=\"text-align: center;\">\u20ac 105<\/td>\n<\/tr>\n<tr>\n<td style=\"text-align: center;\">06\/08 &#8211; 26\/08<\/td>\n<td style=\"text-align: center;\">\u20ac 90<\/td>\n<td style=\"text-align: center;\">\u20ac 110<\/td>\n<td style=\"text-align: center;\">\u20ac 115<\/td>\n<\/tr>\n<tr>\n<td style=\"text-align: center;\">27\/08 &#8211; 10\/09<\/td>\n<td style=\"text-align: center;\">\u20ac 80<\/td>\n<td style=\"text-align: center;\">\u20ac 90<\/td>\n<td style=\"text-align: center;\">\u20ac 95<\/td>\n<\/tr>\n<tr>\n<td style=\"text-align: center;\">11\/09 &#8211; 16\/09<\/td>\n<td style=\"text-align: center;\">\u20ac 75<\/td>\n<td style=\"text-align: center;\">\u20ac 85<\/td>\n<td style=\"text-align: center;\">\u20ac 90<\/td>\n<\/tr>\n<tr>\n<td style=\"text-align: center;\">17\/09 &#8211; 30\/09<\/td>\n<td style=\"text-align: center;\">\u20ac 75<\/td>\n<td style=\"text-align: center;\">&#8211;<\/td>\n<td style=\"text-align: center;\">&#8211;<\/td>\n<\/tr>\n<\/tbody>\n<\/table>\n<p>[\/vc_column_text][\/vc_tta_section][\/vc_tta_tour][vc_column_text]<\/p>\n<p style=\"text-align: center;\">Preise pro Person und Tag<\/p>\n<p>[\/vc_column_text][\/vc_column][\/vc_row][vc_row][vc_column][vc_empty_space][vc_row_inner][vc_column_inner width=&#8220;1\/2&#8243;][vc_column_text]<strong>Zuschl\u00e4ge<\/strong><\/p>\n<ul>\n<li>Kinderbett 0\/2 Jahre 15,00 \u20ac (ohne Mahlzeiten)<\/li>\n<\/ul>\n<p>[\/vc_column_text][\/vc_column_inner][vc_column_inner width=&#8220;1\/2&#8243;][vc_empty_space][vc_message color=&#8220;info&#8220; style=&#8220;square&#8220; css_animation=&#8220;none&#8220;]f\u00fcr mehr Informationen \u00fcber Dienstleistungen und Verf\u00fcgbarkeit<\/p>\n<ul>\n<li><a href=\"https:\/\/www.hotel-tirreno.com\/de\/hotel-tirreno\/\">Onlineformular ausf\u00fcllen<\/a><\/li>\n<li>sende eine Email an <a href=\"mailto:info@hoteltirreno.info\">info@hoteltirreno.info<\/a><\/li>\n<li>Ruf uns an um <a href=\"tel:+390586752026\">+39 0586 752026<\/a><\/li>\n<\/ul>\n<p>[\/vc_message][\/vc_column_inner][\/vc_row_inner][vc_empty_space][\/vc_column][\/vc_row][vc_row full_width=&#8220;stretch_row_content_no_spaces&#8220;][vc_column width=&#8220;1\/2&#8243; offset=&#8220;vc_col-lg-3 vc_col-md-6&#8243;][fleurdesel_service image=&#8220;1394&#8243; title=&#8220;Zimmer&#8220; link=&#8220;https:\/\/www.hotel-tirreno.com\/de\/hotelzimmer-castiglioncello\/&#8220;][\/vc_column][vc_column width=&#8220;1\/2&#8243; offset=&#8220;vc_col-lg-3 vc_col-md-6&#8243;][fleurdesel_service image=&#8220;1395&#8243; title=&#8220;Umgebung&#8220; link=&#8220;https:\/\/www.hotel-tirreno.com\/de\/castiglioncello\/castiglioncello-umgebung\/&#8220;][\/vc_column][vc_column width=&#8220;1\/2&#8243; offset=&#8220;vc_col-lg-3 vc_col-md-6&#8243;][fleurdesel_service image=&#8220;1419&#8243; title=&#8220;Zeremonien &amp; Veranstaltungen&#8220; link=&#8220;https:\/\/www.hotel-tirreno.com\/de\/veranstaltungsort-castiglioncello\/&#8220;][\/vc_column][vc_column width=&#8220;1\/2&#8243; offset=&#8220;vc_col-lg-3 vc_col-md-6&#8243;][fleurdesel_service image=&#8220;1392&#8243; title=&#8220;Fotogalerie&#8220; link=&#8220;https:\/\/www.hotel-tirreno.com\/de\/hotel-tirreno-castiglioncello\/&#8220;][\/vc_column][\/vc_row]<\/p>\n","protected":false},"excerpt":{"rendered":"<p>[vc_row][vc_column][fleurdesel_heading title_size=&#8220;Default&#8220; align=&#8220;center&#8220; title=&#8220;Urlaub Castiglioncello&#8220; subtitle=&#8220;Hotel Tirreno&#8220; css=&#8220;.vc_custom_1510127955003{margin-bottom: 30px !important;padding-top: 60px !important;}&#8220;][\/vc_column][\/vc_row][vc_row][vc_column][vc_tta_tour shape=&#8220;square&#8220; color=&#8220;peacoc&#8220; active_section=&#8220;1&#8243;][vc_tta_section title=&#8220;Einzelzimmer&#8220; tab_id=&#8220;1509975762758-efc1f497-5035&#8243;][vc_column_text] BB HB FB 07\/04 &#8211; 31\/05 \u20ac 75 &#8211; &#8211; 01\/06 &#8211; 30\/06 \u20ac 75 \u20ac 85 \u20ac 90 01\/07 &#8211; 31\/07 \u20ac 80 \u20ac 95 \u20ac 100 01\/08 &#8211; 05\/08 \u20ac 85 \u20ac 100 \u20ac 105 06\/08 [&hellip;]<\/p>\n","protected":false},"author":3,"featured_media":0,"parent":0,"menu_order":0,"comment_status":"closed","ping_status":"closed","template":"templates\/page-builder.php","meta":[],"yoast_head":"<!-- This site is optimized with the Yoast SEO plugin v19.10 - https:\/\/yoast.com\/wordpress\/plugins\/seo\/ -->\n<title>Preisliste - Hotel Tirreno<\/title>\n<meta name=\"robots\" content=\"index, follow, max-snippet:-1, max-image-preview:large, max-video-preview:-1\" \/>\n<link rel=\"canonical\" href=\"https:\/\/www.hotel-tirreno.com\/de\/urlaub-castiglioncello\/\" \/>\n<meta property=\"og:locale\" content=\"de_DE\" \/>\n<meta property=\"og:type\" content=\"article\" \/>\n<meta property=\"og:title\" content=\"Preisliste - Hotel Tirreno\" \/>\n<meta property=\"og:description\" content=\"[vc_row][vc_column][fleurdesel_heading title_size=&#8220;Default&#8220; align=&#8220;center&#8220; title=&#8220;Urlaub Castiglioncello&#8220; subtitle=&#8220;Hotel Tirreno&#8220; css=&#8220;.vc_custom_1510127955003{margin-bottom: 30px !important;padding-top: 60px !important;}&#8220;][\/vc_column][\/vc_row][vc_row][vc_column][vc_tta_tour shape=&#8220;square&#8220; color=&#8220;peacoc&#8220; active_section=&#8220;1&#8243;][vc_tta_section title=&#8220;Einzelzimmer&#8220; tab_id=&#8220;1509975762758-efc1f497-5035&#8243;][vc_column_text] BB HB FB 07\/04 &#8211; 31\/05 \u20ac 75 &#8211; &#8211; 01\/06 &#8211; 30\/06 \u20ac 75 \u20ac 85 \u20ac 90 01\/07 &#8211; 31\/07 \u20ac 80 \u20ac 95 \u20ac 100 01\/08 &#8211; 05\/08 \u20ac 85 \u20ac 100 \u20ac 105 06\/08 [&hellip;]\" \/>\n<meta property=\"og:url\" content=\"https:\/\/www.hotel-tirreno.com\/de\/urlaub-castiglioncello\/\" \/>\n<meta property=\"og:site_name\" content=\"Hotel Tirreno\" \/>\n<meta property=\"article:modified_time\" content=\"2017-11-10T08:24:41+00:00\" \/>\n<meta name=\"twitter:card\" content=\"summary_large_image\" \/>\n<meta name=\"twitter:label1\" content=\"Gesch\u00e4tzte Lesezeit\" \/>\n\t<meta name=\"twitter:data1\" content=\"2\u00a0Minuten\" \/>\n<script type=\"application\/ld+json\" class=\"yoast-schema-graph\">{\"@context\":\"https:\/\/schema.org\",\"@graph\":[{\"@type\":\"WebPage\",\"@id\":\"https:\/\/www.hotel-tirreno.com\/de\/urlaub-castiglioncello\/\",\"url\":\"https:\/\/www.hotel-tirreno.com\/de\/urlaub-castiglioncello\/\",\"name\":\"Preisliste - Hotel Tirreno\",\"isPartOf\":{\"@id\":\"https:\/\/www.hotel-tirreno.com\/#website\"},\"datePublished\":\"2017-11-08T08:03:51+00:00\",\"dateModified\":\"2017-11-10T08:24:41+00:00\",\"breadcrumb\":{\"@id\":\"https:\/\/www.hotel-tirreno.com\/de\/urlaub-castiglioncello\/#breadcrumb\"},\"inLanguage\":\"de\",\"potentialAction\":[{\"@type\":\"ReadAction\",\"target\":[\"https:\/\/www.hotel-tirreno.com\/de\/urlaub-castiglioncello\/\"]}]},{\"@type\":\"BreadcrumbList\",\"@id\":\"https:\/\/www.hotel-tirreno.com\/de\/urlaub-castiglioncello\/#breadcrumb\",\"itemListElement\":[{\"@type\":\"ListItem\",\"position\":1,\"name\":\"Home\",\"item\":\"https:\/\/www.hotel-tirreno.com\/de\/home\/\"},{\"@type\":\"ListItem\",\"position\":2,\"name\":\"Preisliste\"}]},{\"@type\":\"WebSite\",\"@id\":\"https:\/\/www.hotel-tirreno.com\/#website\",\"url\":\"https:\/\/www.hotel-tirreno.com\/\",\"name\":\"Hotel Tirreno\",\"description\":\"Hotel a Castiglioncello\",\"publisher\":{\"@id\":\"https:\/\/www.hotel-tirreno.com\/#organization\"},\"potentialAction\":[{\"@type\":\"SearchAction\",\"target\":{\"@type\":\"EntryPoint\",\"urlTemplate\":\"https:\/\/www.hotel-tirreno.com\/?s={search_term_string}\"},\"query-input\":\"required name=search_term_string\"}],\"inLanguage\":\"de\"},{\"@type\":\"Organization\",\"@id\":\"https:\/\/www.hotel-tirreno.com\/#organization\",\"name\":\"Tirreno Hotel di Paoletti Gianluca, Riccardo & C. sas\",\"url\":\"https:\/\/www.hotel-tirreno.com\/\",\"logo\":{\"@type\":\"ImageObject\",\"inLanguage\":\"de\",\"@id\":\"https:\/\/www.hotel-tirreno.com\/#\/schema\/logo\/image\/\",\"url\":\"https:\/\/www.hotel-tirreno.com\/wp-content\/uploads\/2017\/10\/logo-s.png\",\"contentUrl\":\"https:\/\/www.hotel-tirreno.com\/wp-content\/uploads\/2017\/10\/logo-s.png\",\"width\":120,\"height\":76,\"caption\":\"Tirreno Hotel di Paoletti Gianluca, Riccardo & C. sas\"},\"image\":{\"@id\":\"https:\/\/www.hotel-tirreno.com\/#\/schema\/logo\/image\/\"}}]}<\/script>\n<!-- \/ Yoast SEO plugin. -->","yoast_head_json":{"title":"Preisliste - Hotel Tirreno","robots":{"index":"index","follow":"follow","max-snippet":"max-snippet:-1","max-image-preview":"max-image-preview:large","max-video-preview":"max-video-preview:-1"},"canonical":"https:\/\/www.hotel-tirreno.com\/de\/urlaub-castiglioncello\/","og_locale":"de_DE","og_type":"article","og_title":"Preisliste - Hotel Tirreno","og_description":"[vc_row][vc_column][fleurdesel_heading title_size=&#8220;Default&#8220; align=&#8220;center&#8220; title=&#8220;Urlaub Castiglioncello&#8220; subtitle=&#8220;Hotel Tirreno&#8220; css=&#8220;.vc_custom_1510127955003{margin-bottom: 30px !important;padding-top: 60px !important;}&#8220;][\/vc_column][\/vc_row][vc_row][vc_column][vc_tta_tour shape=&#8220;square&#8220; color=&#8220;peacoc&#8220; active_section=&#8220;1&#8243;][vc_tta_section title=&#8220;Einzelzimmer&#8220; tab_id=&#8220;1509975762758-efc1f497-5035&#8243;][vc_column_text] BB HB FB 07\/04 &#8211; 31\/05 \u20ac 75 &#8211; &#8211; 01\/06 &#8211; 30\/06 \u20ac 75 \u20ac 85 \u20ac 90 01\/07 &#8211; 31\/07 \u20ac 80 \u20ac 95 \u20ac 100 01\/08 &#8211; 05\/08 \u20ac 85 \u20ac 100 \u20ac 105 06\/08 [&hellip;]","og_url":"https:\/\/www.hotel-tirreno.com\/de\/urlaub-castiglioncello\/","og_site_name":"Hotel Tirreno","article_modified_time":"2017-11-10T08:24:41+00:00","twitter_card":"summary_large_image","twitter_misc":{"Gesch\u00e4tzte Lesezeit":"2\u00a0Minuten"},"schema":{"@context":"https:\/\/schema.org","@graph":[{"@type":"WebPage","@id":"https:\/\/www.hotel-tirreno.com\/de\/urlaub-castiglioncello\/","url":"https:\/\/www.hotel-tirreno.com\/de\/urlaub-castiglioncello\/","name":"Preisliste - Hotel Tirreno","isPartOf":{"@id":"https:\/\/www.hotel-tirreno.com\/#website"},"datePublished":"2017-11-08T08:03:51+00:00","dateModified":"2017-11-10T08:24:41+00:00","breadcrumb":{"@id":"https:\/\/www.hotel-tirreno.com\/de\/urlaub-castiglioncello\/#breadcrumb"},"inLanguage":"de","potentialAction":[{"@type":"ReadAction","target":["https:\/\/www.hotel-tirreno.com\/de\/urlaub-castiglioncello\/"]}]},{"@type":"BreadcrumbList","@id":"https:\/\/www.hotel-tirreno.com\/de\/urlaub-castiglioncello\/#breadcrumb","itemListElement":[{"@type":"ListItem","position":1,"name":"Home","item":"https:\/\/www.hotel-tirreno.com\/de\/home\/"},{"@type":"ListItem","position":2,"name":"Preisliste"}]},{"@type":"WebSite","@id":"https:\/\/www.hotel-tirreno.com\/#website","url":"https:\/\/www.hotel-tirreno.com\/","name":"Hotel Tirreno","description":"Hotel a Castiglioncello","publisher":{"@id":"https:\/\/www.hotel-tirreno.com\/#organization"},"potentialAction":[{"@type":"SearchAction","target":{"@type":"EntryPoint","urlTemplate":"https:\/\/www.hotel-tirreno.com\/?s={search_term_string}"},"query-input":"required name=search_term_string"}],"inLanguage":"de"},{"@type":"Organization","@id":"https:\/\/www.hotel-tirreno.com\/#organization","name":"Tirreno Hotel di Paoletti Gianluca, Riccardo & C. sas","url":"https:\/\/www.hotel-tirreno.com\/","logo":{"@type":"ImageObject","inLanguage":"de","@id":"https:\/\/www.hotel-tirreno.com\/#\/schema\/logo\/image\/","url":"https:\/\/www.hotel-tirreno.com\/wp-content\/uploads\/2017\/10\/logo-s.png","contentUrl":"https:\/\/www.hotel-tirreno.com\/wp-content\/uploads\/2017\/10\/logo-s.png","width":120,"height":76,"caption":"Tirreno Hotel di Paoletti Gianluca, Riccardo & C. sas"},"image":{"@id":"https:\/\/www.hotel-tirreno.com\/#\/schema\/logo\/image\/"}}]}},"_links":{"self":[{"href":"https:\/\/www.hotel-tirreno.com\/de\/wp-json\/wp\/v2\/pages\/1943"}],"collection":[{"href":"https:\/\/www.hotel-tirreno.com\/de\/wp-json\/wp\/v2\/pages"}],"about":[{"href":"https:\/\/www.hotel-tirreno.com\/de\/wp-json\/wp\/v2\/types\/page"}],"author":[{"embeddable":true,"href":"https:\/\/www.hotel-tirreno.com\/de\/wp-json\/wp\/v2\/users\/3"}],"replies":[{"embeddable":true,"href":"https:\/\/www.hotel-tirreno.com\/de\/wp-json\/wp\/v2\/comments?post=1943"}],"version-history":[{"count":0,"href":"https:\/\/www.hotel-tirreno.com\/de\/wp-json\/wp\/v2\/pages\/1943\/revisions"}],"wp:attachment":[{"href":"https:\/\/www.hotel-tirreno.com\/de\/wp-json\/wp\/v2\/media?parent=1943"}],"curies":[{"name":"wp","href":"https:\/\/api.w.org\/{rel}","templated":true}]}}